{"id":2928,"date":"2022-02-12T18:51:08","date_gmt":"2022-02-12T17:51:08","guid":{"rendered":"https:\/\/www.chefinov.com\/?page_id=2928"},"modified":"2023-03-25T14:25:28","modified_gmt":"2023-03-25T13:25:28","slug":"utilisation","status":"publish","type":"page","link":"https:\/\/www.e-documentations.com\/www\/utilisation\/","title":{"rendered":"utilisation"},"content":{"rendered":"\t\t<div data-elementor-type=\"wp-page\" data-elementor-id=\"2928\" class=\"elementor elementor-2928\" data-elementor-post-type=\"page\">\n\t\t\t\t\t\t\t\t\t<section class=\"elementor-section elementor-top-section elementor-element elementor-element-1e486c8 elementor-section-boxed elementor-section-height-default elementor-section-height-default\" data-id=\"1e486c8\" data-element_type=\"section\">\n\t\t\t\t\t\t<div class=\"elementor-container elementor-column-gap-default\">\n\t\t\t\t\t<div class=\"elementor-column elementor-col-100 elementor-top-column elementor-element elementor-element-1f84f12\" data-id=\"1f84f12\" data-element_type=\"column\">\n\t\t\t<div class=\"elementor-widget-wrap elementor-element-populated\">\n\t\t\t\t\t\t\t\t<div class=\"elementor-element elementor-element-10314a3 elementor-widget elementor-widget-heading\" data-id=\"10314a3\" data-element_type=\"widget\" data-widget_type=\"heading.default\">\n\t\t\t\t<div class=\"elementor-widget-container\">\n\t\t\t<h1 class=\"elementor-heading-title elementor-size-default\">Comment utiliser la poche \u00e0 douille ?<\/h1>\t\t<\/div>\n\t\t\t\t<\/div>\n\t\t\t\t\t<\/div>\n\t\t<\/div>\n\t\t\t\t\t\t\t<\/div>\n\t\t<\/section>\n\t\t\t\t<section class=\"elementor-section elementor-top-section elementor-element elementor-element-32b3fd8 elementor-hidden-desktop elementor-hidden-tablet elementor-section-boxed elementor-section-height-default elementor-section-height-default\" data-id=\"32b3fd8\" data-element_type=\"section\">\n\t\t\t\t\t\t<div class=\"elementor-container elementor-column-gap-default\">\n\t\t\t\t\t<div class=\"elementor-column elementor-col-100 elementor-top-column elementor-element elementor-element-5be37d0d\" data-id=\"5be37d0d\" data-element_type=\"column\">\n\t\t\t<div class=\"elementor-widget-wrap elementor-element-populated\">\n\t\t\t\t\t\t\t\t<div class=\"elementor-element elementor-element-2e71cbe0 elementor-widget elementor-widget-image\" data-id=\"2e71cbe0\" data-element_type=\"widget\" data-widget_type=\"image.default\">\n\t\t\t\t<div class=\"elementor-widget-container\">\n\t\t\t\t\t\t\t\t\t\t\t\t\t\t\t<img decoding=\"async\" width=\"525\" height=\"81\" src=\"https:\/\/www.e-documentations.com\/www\/wp-content\/uploads\/2021\/08\/cropped-baniereboutique3108-scaled-1-768x119.jpg\" class=\"attachment-medium_large size-medium_large wp-image-3212\" alt=\"\" srcset=\"https:\/\/www.e-documentations.com\/www\/wp-content\/uploads\/2021\/08\/cropped-baniereboutique3108-scaled-1-768x119.jpg 768w, https:\/\/www.e-documentations.com\/www\/wp-content\/uploads\/2021\/08\/cropped-baniereboutique3108-scaled-1-250x39.jpg 250w, https:\/\/www.e-documentations.com\/www\/wp-content\/uploads\/2021\/08\/cropped-baniereboutique3108-scaled-1-350x54.jpg 350w, https:\/\/www.e-documentations.com\/www\/wp-content\/uploads\/2021\/08\/cropped-baniereboutique3108-scaled-1-300x47.jpg 300w, https:\/\/www.e-documentations.com\/www\/wp-content\/uploads\/2021\/08\/cropped-baniereboutique3108-scaled-1-1024x159.jpg 1024w, https:\/\/www.e-documentations.com\/www\/wp-content\/uploads\/2021\/08\/cropped-baniereboutique3108-scaled-1-1536x239.jpg 1536w, https:\/\/www.e-documentations.com\/www\/wp-content\/uploads\/2021\/08\/cropped-baniereboutique3108-scaled-1.jpg 1607w\" sizes=\"100vw\" \/>\t\t\t\t\t\t\t\t\t\t\t\t\t\t\t<\/div>\n\t\t\t\t<\/div>\n\t\t\t\t\t<\/div>\n\t\t<\/div>\n\t\t\t\t\t\t\t<\/div>\n\t\t<\/section>\n\t\t\t\t<section class=\"elementor-section elementor-top-section elementor-element elementor-element-1e33b35 elementor-section-boxed elementor-section-height-default elementor-section-height-default\" data-id=\"1e33b35\" data-element_type=\"section\">\n\t\t\t\t\t\t<div class=\"elementor-container elementor-column-gap-default\">\n\t\t\t\t\t<div class=\"elementor-column elementor-col-100 elementor-top-column elementor-element elementor-element-9fa5da2\" data-id=\"9fa5da2\" data-element_type=\"column\">\n\t\t\t<div class=\"elementor-widget-wrap elementor-element-populated\">\n\t\t\t\t\t\t\t\t<div class=\"elementor-element elementor-element-3842457 elementor-widget elementor-widget-video\" data-id=\"3842457\" data-element_type=\"widget\" data-settings=\"{&quot;video_type&quot;:&quot;hosted&quot;,&quot;autoplay&quot;:&quot;yes&quot;,&quot;play_on_mobile&quot;:&quot;yes&quot;,&quot;loop&quot;:&quot;yes&quot;,&quot;controls&quot;:&quot;yes&quot;}\" data-widget_type=\"video.default\">\n\t\t\t\t<div class=\"elementor-widget-container\">\n\t\t\t\t\t<div class=\"e-hosted-video elementor-wrapper elementor-open-inline\">\n\t\t\t\t\t<video class=\"elementor-video\" src=\"https:\/\/www.e-documentations.com\/www\/wp-content\/uploads\/2022\/02\/montage3.mp4\" autoplay=\"\" loop=\"\" controls=\"\" playsinline=\"\" poster=\"https:\/\/www.e-documentations.com\/www\/wp-content\/uploads\/2022\/04\/asperge-abricot.jpg\"><\/video>\n\t\t\t\t<\/div>\n\t\t\t\t<\/div>\n\t\t\t\t<\/div>\n\t\t\t\t\t<\/div>\n\t\t<\/div>\n\t\t\t\t\t\t\t<\/div>\n\t\t<\/section>\n\t\t\t\t<section class=\"elementor-section elementor-top-section elementor-element elementor-element-437f0f2 elementor-section-boxed elementor-section-height-default elementor-section-height-default\" data-id=\"437f0f2\" data-element_type=\"section\">\n\t\t\t\t\t\t<div class=\"elementor-container elementor-column-gap-default\">\n\t\t\t\t\t<div class=\"elementor-column elementor-col-100 elementor-top-column elementor-element elementor-element-98ddfeb\" data-id=\"98ddfeb\" data-element_type=\"column\">\n\t\t\t<div class=\"elementor-widget-wrap elementor-element-populated\">\n\t\t\t\t\t\t\t\t<div class=\"elementor-element elementor-element-d1fe920 elementor-widget elementor-widget-text-editor\" data-id=\"d1fe920\" data-element_type=\"widget\" data-widget_type=\"text-editor.default\">\n\t\t\t\t<div class=\"elementor-widget-container\">\n\t\t\t\t\t\t\t<p style=\"text-align: center;\">Laver avant premi\u00e8re utilisation.<br \/>Ins\u00e9rer dans une poche \u00e0 douille (non incluse),<br \/>la douille de raccordement (1), puis remplir de<br \/>votre cr\u00e8me pr\u00e9f\u00e9r\u00e9e.<br \/>D\u00e9poser le plateau Multidouille (3) dans la partie<br \/>basse (4) du boitier. Puis refermer en vissant la<br \/>partie haute (2).<br \/>Couper l\u2019extr\u00e9mit\u00e9 de la poche \u00e0 douille, puis<br \/>visser la douille (1) sur la pi\u00e8ce (2).<br \/>Exercer une pression pour faire sortir votre<br \/>pr\u00e9paration sur les g\u00e2teaux ou assiettes.<\/p><p style=\"text-align: center;\">Au gr\u00e9 de vos envies de d\u00e9coration, associez la poche p\u00e2tissi\u00e8re avec diff\u00e9rentes douilles.\u00a0<span style=\"color: var( --e-global-color-text ); font-family: var( --e-global-typography-text-font-family ), Sans-serif; font-weight: var( --e-global-typography-text-font-weight );\">Choix de 4 plateaux diff\u00e9rents, tous compatibles avec les poches \u00e0 douille du commerce.\u00a0\u00a0Un proc\u00e9d\u00e9 unique, facile d\u2019emploi et accessible \u00e0 tous.\u00a0<\/span><\/p><p style=\"text-align: center;\">Garnissage et utilisation de la poche \u00e0 douille, Comment bien utiliser une poche \u00e0 douille ? Le tuto en vid\u00e9o<\/p><p style=\"text-align: center;\">L&rsquo; article de cuisine, mat\u00e9riel de boulangerie et ustensile de p\u00e2tisserie indispensable \u00e0 tout cuisinier amateur ou professionnel.<\/p>\t\t\t\t\t\t<\/div>\n\t\t\t\t<\/div>\n\t\t\t\t\t<\/div>\n\t\t<\/div>\n\t\t\t\t\t\t\t<\/div>\n\t\t<\/section>\n\t\t\t\t<section class=\"elementor-section elementor-top-section elementor-element elementor-element-f3c60a7 elementor-hidden-desktop elementor-section-stretched elementor-section-full_width elementor-hidden-tablet elementor-section-height-default elementor-section-height-default\" data-id=\"f3c60a7\" data-element_type=\"section\" data-settings=\"{&quot;background_background&quot;:&quot;classic&quot;,&quot;sticky&quot;:&quot;bottom&quot;,&quot;sticky_on&quot;:[&quot;tablet&quot;,&quot;mobile&quot;],&quot;stretch_section&quot;:&quot;section-stretched&quot;,&quot;background_motion_fx_motion_fx_mouse&quot;:&quot;yes&quot;,&quot;background_motion_fx_mouseTrack_effect&quot;:&quot;yes&quot;,&quot;background_motion_fx_mouseTrack_speed&quot;:{&quot;unit&quot;:&quot;px&quot;,&quot;size&quot;:1,&quot;sizes&quot;:[]},&quot;sticky_offset&quot;:0,&quot;sticky_effects_offset&quot;:0}\">\n\t\t\t\t\t\t<div class=\"elementor-container elementor-column-gap-default\">\n\t\t\t\t\t<div class=\"elementor-column elementor-col-100 elementor-top-column elementor-element elementor-element-1e6275dc\" data-id=\"1e6275dc\" data-element_type=\"column\">\n\t\t\t<div class=\"elementor-widget-wrap elementor-element-populated\">\n\t\t\t\t\t\t\t\t<div class=\"elementor-element elementor-element-63e5fea elementor-nav-menu--dropdown-none elementor-nav-menu__align-center elementor-widget elementor-widget-nav-menu\" data-id=\"63e5fea\" data-element_type=\"widget\" data-settings=\"{&quot;layout&quot;:&quot;horizontal&quot;,&quot;submenu_icon&quot;:{&quot;value&quot;:&quot;&lt;i class=\\&quot;fas fa-caret-down\\&quot;&gt;&lt;\\\/i&gt;&quot;,&quot;library&quot;:&quot;fa-solid&quot;}}\" data-widget_type=\"nav-menu.default\">\n\t\t\t\t<div class=\"elementor-widget-container\">\n\t\t\t\t\t\t<nav class=\"elementor-nav-menu--main elementor-nav-menu__container elementor-nav-menu--layout-horizontal e--pointer-framed e--animation-fade\">\n\t\t\t\t<ul id=\"menu-1-63e5fea\" class=\"elementor-nav-menu\"><li class=\"menu-item menu-item-type-post_type menu-item-object-page menu-item-6681\"><a href=\"https:\/\/www.e-documentations.com\/www\/lesplateaux30-04\/\" class=\"elementor-item\">Nos Produits<\/a><\/li>\n<li class=\"menu-item menu-item-type-post_type menu-item-object-page menu-item-6680\"><a href=\"https:\/\/www.e-documentations.com\/www\/boutique-multidouille\/\" class=\"elementor-item\">Boutique<\/a><\/li>\n<li class=\"menu-item menu-item-type-post_type menu-item-object-page menu-item-6679\"><a href=\"https:\/\/www.e-documentations.com\/www\/blog\/\" class=\"elementor-item\">Blog<\/a><\/li>\n<\/ul>\t\t\t<\/nav>\n\t\t\t\t\t\t<nav class=\"elementor-nav-menu--dropdown elementor-nav-menu__container\" aria-hidden=\"true\">\n\t\t\t\t<ul id=\"menu-2-63e5fea\" class=\"elementor-nav-menu\"><li class=\"menu-item menu-item-type-post_type menu-item-object-page menu-item-6681\"><a href=\"https:\/\/www.e-documentations.com\/www\/lesplateaux30-04\/\" class=\"elementor-item\" tabindex=\"-1\">Nos Produits<\/a><\/li>\n<li class=\"menu-item menu-item-type-post_type menu-item-object-page menu-item-6680\"><a href=\"https:\/\/www.e-documentations.com\/www\/boutique-multidouille\/\" class=\"elementor-item\" tabindex=\"-1\">Boutique<\/a><\/li>\n<li class=\"menu-item menu-item-type-post_type menu-item-object-page menu-item-6679\"><a href=\"https:\/\/www.e-documentations.com\/www\/blog\/\" class=\"elementor-item\" tabindex=\"-1\">Blog<\/a><\/li>\n<\/ul>\t\t\t<\/nav>\n\t\t\t\t<\/div>\n\t\t\t\t<\/div>\n\t\t\t\t\t<\/div>\n\t\t<\/div>\n\t\t\t\t\t\t\t<\/div>\n\t\t<\/section>\n\t\t\t\t\t\t\t<\/div>\n\t\t","protected":false},"excerpt":{"rendered":"<p>Comment utiliser la poche \u00e0 douille ? https:\/\/www.e-documentations.com\/www\/wp-content\/uploads\/2022\/02\/montage3.mp4 Laver avant premi\u00e8re utilisation.Ins\u00e9rer dans une poche \u00e0 douille (non incluse),la douille de raccordement (1), puis remplir devotre cr\u00e8me pr\u00e9f\u00e9r\u00e9e.D\u00e9poser le plateau Multidouille (3) dans la partiebasse (4) du boitier. Puis refermer en vissant lapartie haute (2).Couper l\u2019extr\u00e9mit\u00e9 de la poche \u00e0 douille, puisvisser la douille (1) &hellip; <\/p>\n<p class=\"link-more\"><a href=\"https:\/\/www.e-documentations.com\/www\/utilisation\/\" class=\"more-link\">Continuer la lecture<span class=\"screen-reader-text\"> de &laquo;&nbsp;utilisation&nbsp;&raquo;<\/span><\/a><\/p>\n","protected":false},"author":1,"featured_media":0,"parent":0,"menu_order":0,"comment_status":"closed","ping_status":"closed","template":"","meta":{"footnotes":""},"class_list":["post-2928","page","type-page","status-publish","hentry"],"yoast_head":"<!-- This site is optimized with the Yoast SEO plugin v21.5 - https:\/\/yoast.com\/wordpress\/plugins\/seo\/ -->\n<title>Comment utiliser une poche \u00e0 douille<\/title>\n<meta name=\"description\" content=\"Ins\u00e9rer la douille dans la poche \u00e0 douille, puis remplir de votre cr\u00e8me pr\u00e9f\u00e9r\u00e9e. Disposer le plateau Multidouille de votre choix...\" \/>\n<meta name=\"robots\" content=\"index, follow, max-snippet:-1, max-image-preview:large, max-video-preview:-1\" \/>\n<link rel=\"canonical\" href=\"https:\/\/www.e-documentations.com\/www\/utilisation\/\" \/>\n<meta property=\"og:locale\" content=\"fr_FR\" \/>\n<meta property=\"og:type\" content=\"article\" \/>\n<meta property=\"og:title\" content=\"Comment utiliser une poche \u00e0 douille\" \/>\n<meta property=\"og:description\" content=\"Ins\u00e9rer la douille dans la poche \u00e0 douille, puis remplir de votre cr\u00e8me pr\u00e9f\u00e9r\u00e9e. Disposer le plateau Multidouille de votre choix...\" \/>\n<meta property=\"og:url\" content=\"https:\/\/www.e-documentations.com\/www\/utilisation\/\" \/>\n<meta property=\"article:publisher\" content=\"https:\/\/www.facebook.com\/Multidouille\/\" \/>\n<meta property=\"article:modified_time\" content=\"2023-03-25T13:25:28+00:00\" \/>\n<meta property=\"og:image\" content=\"https:\/\/www.e-documentations.com\/www\/wp-content\/uploads\/2021\/08\/cropped-baniereboutique3108-scaled-1-768x119.jpg\" \/>\n<meta name=\"twitter:card\" content=\"summary_large_image\" \/>\n<meta name=\"twitter:label1\" content=\"Dur\u00e9e de lecture estim\u00e9e\" \/>\n\t<meta name=\"twitter:data1\" content=\"2 minutes\" \/>\n<script type=\"application\/ld+json\" class=\"yoast-schema-graph\">{\"@context\":\"https:\/\/schema.org\",\"@graph\":[{\"@type\":\"WebPage\",\"@id\":\"https:\/\/www.e-documentations.com\/www\/utilisation\/\",\"url\":\"https:\/\/www.e-documentations.com\/www\/utilisation\/\",\"name\":\"Comment utiliser une poche \u00e0 douille\",\"isPartOf\":{\"@id\":\"https:\/\/www.e-documentations.com\/www\/#website\"},\"datePublished\":\"2022-02-12T17:51:08+00:00\",\"dateModified\":\"2023-03-25T13:25:28+00:00\",\"description\":\"Ins\u00e9rer la douille dans la poche \u00e0 douille, puis remplir de votre cr\u00e8me pr\u00e9f\u00e9r\u00e9e. Disposer le plateau Multidouille de votre choix...\",\"breadcrumb\":{\"@id\":\"https:\/\/www.e-documentations.com\/www\/utilisation\/#breadcrumb\"},\"inLanguage\":\"fr-FR\",\"potentialAction\":[{\"@type\":\"ReadAction\",\"target\":[\"https:\/\/www.e-documentations.com\/www\/utilisation\/\"]}]},{\"@type\":\"BreadcrumbList\",\"@id\":\"https:\/\/www.e-documentations.com\/www\/utilisation\/#breadcrumb\",\"itemListElement\":[{\"@type\":\"ListItem\",\"position\":1,\"name\":\"Accueil\",\"item\":\"https:\/\/www.e-documentations.com\/www\/\"},{\"@type\":\"ListItem\",\"position\":2,\"name\":\"utilisation\"}]},{\"@type\":\"WebSite\",\"@id\":\"https:\/\/www.e-documentations.com\/www\/#website\",\"url\":\"https:\/\/www.e-documentations.com\/www\/\",\"name\":\"\",\"description\":\"\",\"publisher\":{\"@id\":\"https:\/\/www.e-documentations.com\/www\/#organization\"},\"potentialAction\":[{\"@type\":\"SearchAction\",\"target\":{\"@type\":\"EntryPoint\",\"urlTemplate\":\"https:\/\/www.e-documentations.com\/www\/?s={search_term_string}\"},\"query-input\":\"required name=search_term_string\"}],\"inLanguage\":\"fr-FR\"},{\"@type\":\"Organization\",\"@id\":\"https:\/\/www.e-documentations.com\/www\/#organization\",\"name\":\"Multidouille by Chefinov\",\"url\":\"https:\/\/www.e-documentations.com\/www\/\",\"logo\":{\"@type\":\"ImageObject\",\"inLanguage\":\"fr-FR\",\"@id\":\"https:\/\/www.e-documentations.com\/www\/#\/schema\/logo\/image\/\",\"url\":\"https:\/\/www.e-documentations.com\/www\/wp-content\/uploads\/2021\/04\/cropped-cropped-logo-qrcode-1.jpg\",\"contentUrl\":\"https:\/\/www.e-documentations.com\/www\/wp-content\/uploads\/2021\/04\/cropped-cropped-logo-qrcode-1.jpg\",\"width\":389,\"height\":216,\"caption\":\"Multidouille by Chefinov\"},\"image\":{\"@id\":\"https:\/\/www.e-documentations.com\/www\/#\/schema\/logo\/image\/\"},\"sameAs\":[\"https:\/\/www.facebook.com\/Multidouille\/\"]}]}<\/script>\n<!-- \/ Yoast SEO plugin. -->","yoast_head_json":{"title":"Comment utiliser une poche \u00e0 douille","description":"Ins\u00e9rer la douille dans la poche \u00e0 douille, puis remplir de votre cr\u00e8me pr\u00e9f\u00e9r\u00e9e. Disposer le plateau Multidouille de votre choix...","robots":{"index":"index","follow":"follow","max-snippet":"max-snippet:-1","max-image-preview":"max-image-preview:large","max-video-preview":"max-video-preview:-1"},"canonical":"https:\/\/www.e-documentations.com\/www\/utilisation\/","og_locale":"fr_FR","og_type":"article","og_title":"Comment utiliser une poche \u00e0 douille","og_description":"Ins\u00e9rer la douille dans la poche \u00e0 douille, puis remplir de votre cr\u00e8me pr\u00e9f\u00e9r\u00e9e. Disposer le plateau Multidouille de votre choix...","og_url":"https:\/\/www.e-documentations.com\/www\/utilisation\/","article_publisher":"https:\/\/www.facebook.com\/Multidouille\/","article_modified_time":"2023-03-25T13:25:28+00:00","og_image":[{"url":"https:\/\/www.e-documentations.com\/www\/wp-content\/uploads\/2021\/08\/cropped-baniereboutique3108-scaled-1-768x119.jpg"}],"twitter_card":"summary_large_image","twitter_misc":{"Dur\u00e9e de lecture estim\u00e9e":"2 minutes"},"schema":{"@context":"https:\/\/schema.org","@graph":[{"@type":"WebPage","@id":"https:\/\/www.e-documentations.com\/www\/utilisation\/","url":"https:\/\/www.e-documentations.com\/www\/utilisation\/","name":"Comment utiliser une poche \u00e0 douille","isPartOf":{"@id":"https:\/\/www.e-documentations.com\/www\/#website"},"datePublished":"2022-02-12T17:51:08+00:00","dateModified":"2023-03-25T13:25:28+00:00","description":"Ins\u00e9rer la douille dans la poche \u00e0 douille, puis remplir de votre cr\u00e8me pr\u00e9f\u00e9r\u00e9e. Disposer le plateau Multidouille de votre choix...","breadcrumb":{"@id":"https:\/\/www.e-documentations.com\/www\/utilisation\/#breadcrumb"},"inLanguage":"fr-FR","potentialAction":[{"@type":"ReadAction","target":["https:\/\/www.e-documentations.com\/www\/utilisation\/"]}]},{"@type":"BreadcrumbList","@id":"https:\/\/www.e-documentations.com\/www\/utilisation\/#breadcrumb","itemListElement":[{"@type":"ListItem","position":1,"name":"Accueil","item":"https:\/\/www.e-documentations.com\/www\/"},{"@type":"ListItem","position":2,"name":"utilisation"}]},{"@type":"WebSite","@id":"https:\/\/www.e-documentations.com\/www\/#website","url":"https:\/\/www.e-documentations.com\/www\/","name":"","description":"","publisher":{"@id":"https:\/\/www.e-documentations.com\/www\/#organization"},"potentialAction":[{"@type":"SearchAction","target":{"@type":"EntryPoint","urlTemplate":"https:\/\/www.e-documentations.com\/www\/?s={search_term_string}"},"query-input":"required name=search_term_string"}],"inLanguage":"fr-FR"},{"@type":"Organization","@id":"https:\/\/www.e-documentations.com\/www\/#organization","name":"Multidouille by Chefinov","url":"https:\/\/www.e-documentations.com\/www\/","logo":{"@type":"ImageObject","inLanguage":"fr-FR","@id":"https:\/\/www.e-documentations.com\/www\/#\/schema\/logo\/image\/","url":"https:\/\/www.e-documentations.com\/www\/wp-content\/uploads\/2021\/04\/cropped-cropped-logo-qrcode-1.jpg","contentUrl":"https:\/\/www.e-documentations.com\/www\/wp-content\/uploads\/2021\/04\/cropped-cropped-logo-qrcode-1.jpg","width":389,"height":216,"caption":"Multidouille by Chefinov"},"image":{"@id":"https:\/\/www.e-documentations.com\/www\/#\/schema\/logo\/image\/"},"sameAs":["https:\/\/www.facebook.com\/Multidouille\/"]}]}},"_links":{"self":[{"href":"https:\/\/www.e-documentations.com\/www\/wp-json\/wp\/v2\/pages\/2928","targetHints":{"allow":["GET"]}}],"collection":[{"href":"https:\/\/www.e-documentations.com\/www\/wp-json\/wp\/v2\/pages"}],"about":[{"href":"https:\/\/www.e-documentations.com\/www\/wp-json\/wp\/v2\/types\/page"}],"author":[{"embeddable":true,"href":"https:\/\/www.e-documentations.com\/www\/wp-json\/wp\/v2\/users\/1"}],"replies":[{"embeddable":true,"href":"https:\/\/www.e-documentations.com\/www\/wp-json\/wp\/v2\/comments?post=2928"}],"version-history":[{"count":0,"href":"https:\/\/www.e-documentations.com\/www\/wp-json\/wp\/v2\/pages\/2928\/revisions"}],"wp:attachment":[{"href":"https:\/\/www.e-documentations.com\/www\/wp-json\/wp\/v2\/media?parent=2928"}],"curies":[{"name":"wp","href":"https:\/\/api.w.org\/{rel}","templated":true}]}}