{"id":293,"date":"2021-04-17T13:54:24","date_gmt":"2021-04-17T11:54:24","guid":{"rendered":"https:\/\/www.chefinov.com\/multiden2\/?page_id=293"},"modified":"2021-11-15T21:23:16","modified_gmt":"2021-11-15T20:23:16","slug":"mentions-legales","status":"publish","type":"page","link":"https:\/\/www.e-documentations.com\/www\/mentions-legales\/","title":{"rendered":"Mentions l\u00e9gales"},"content":{"rendered":"\n<h1 class=\"wp-block-heading\">Editeur \/ R\u00e9daction :<\/h1>\n\n\n\n<p><strong>SAS CHEFINOV<\/strong><br>68, rue des lavoirs &#8211; 33700 M\u00e9rignac<br>info@chefinov.com<\/p>\n\n\n\n<p>Code Ape  4759B<br>SIRET  89782661600012<br>RCS Bordeaux B 897&nbsp;826&nbsp;616<br>Capital social 15000 EURO<br>TVA  FR59897826616<\/p>\n\n\n\n<h3 class=\"wp-block-heading\">H\u00e9bergement :<\/h3>\n\n\n\n<p>OVH<\/p>\n\n\n\n<h3 class=\"wp-block-heading\">Limitation de responsabilit\u00e9<\/h3>\n\n\n\n<p>Les Utilisateurs ont conscience que les al\u00e9as techniques propres au r\u00e9seau Internet ne permettent pas \u00e0 l\u2019\u00e9diteur de garantir le fonctionnement ininterrompu du Site.<\/p>\n\n\n\n<p>L\u2019\u00e9diteur ne sera donc pas tenu pour responsable des indisponibilit\u00e9s ou dysfonctionnements du Site, notamment en cas de panne, maintenance ou mise \u00e0 jour.<\/p>\n\n\n\n<p>De la m\u00eame fa\u00e7on, l\u2019\u00e9diteur ne peut garantir l\u2019utilisation du service en ligne sur tous les navigateurs, sur tous les \u00e9quipements informatiques et configurations logicielles.<\/p>\n\n\n\n<p>L\u2019\u00e9diteur met en \u0153uvre des moyens conformes \u00e0 l\u2019\u00e9tat de l\u2019art destin\u00e9s \u00e0 \u00e9viter tout acc\u00e8s, maintien, alt\u00e9ration, perturbation ou modification frauduleux du Site.<\/p>\n\n\n\n<p>Toutefois, les Utilisateurs reconnaissent que l\u2019\u00e9diteur ne saurait \u00eatre tenu pour responsable des dommages cons\u00e9cutifs \u00e0 :<\/p>\n\n\n\n<ul class=\"wp-block-list\"><li>des intrusions ou des alt\u00e9rations frauduleuses effectu\u00e9es par des tiers non autoris\u00e9s dans le Site ;<\/li><li>des pertes, des d\u00e9t\u00e9riorations ou une destruction accidentelle des donn\u00e9es, ou des messages \u00e9lectroniques \u00e9chang\u00e9s entre les Utilisateurs et chefinov.com ;<\/li><li>un virus qui pourrait affecter l\u2019ordinateur ou le mat\u00e9riel de t\u00e9l\u00e9communication d\u2019un Utilisateur<\/li><\/ul>\n\n\n\n<p>Plus g\u00e9n\u00e9ralement, l\u2019\u00e9diteur ne pourra en aucun cas \u00eatre responsable en cas de dommages directs et\/ou indirects r\u00e9sultant de l&rsquo;utilisation de ce Site ou de l&rsquo;impossibilit\u00e9 d&rsquo;acc\u00e9der \u00e0 ce Site.<\/p>\n\n\n\n<p>Enfin, l\u2019Utilisateur s\u2019engage \u00e0 ne pas utiliser le Site pour notamment :<\/p>\n\n\n\n<ul class=\"wp-block-list\"><li>envoyer, transmettre par courrier \u00e9lectronique, ou de toute autre mani\u00e8re tout contenu illicite ou nuisible ;<\/li><li>afficher ou transmettre par courrier \u00e9lectronique, tout contenu violant tout brevet, marque d\u00e9pos\u00e9e, secret de fabrication, droit de propri\u00e9t\u00e9 intellectuelle ou tout droit de propri\u00e9t\u00e9 et\/ou de la personnalit\u00e9 ;<\/li><li>afficher ou transmettre par courrier \u00e9lectronique, tout contenu contenant des virus informatiques ou tout autre code dossier ou programme con\u00e7us pour interrompre, d\u00e9truire ou limiter les fonctionnalit\u00e9s de chefinov.com ;<br>collecter et stocker des donn\u00e9es personnelles aff\u00e9rentes \u00e0 un autre ou plusieurs autres utilisateurs.<\/li><\/ul>\n\n\n\n<p>\u00c0 d\u00e9faut, votre responsabilit\u00e9 civile et\/ou p\u00e9nale pourrait \u00eatre engag\u00e9e.<\/p>\n\n\n\n<h3 class=\"wp-block-heading\">Propri\u00e9t\u00e9 intellectuelle<\/h3>\n\n\n\n<p>Le Site, le nom de domaine chefinov.com, les logos pouvant appara\u00eetre ainsi que toutes les donn\u00e9es, programmes ou bases de donn\u00e9es ou marques contenus dans le Site, sont prot\u00e9g\u00e9s par des droits de propri\u00e9t\u00e9 intellectuelle.<\/p>\n\n\n\n<p>Toute reproduction totale ou partielle de ces \u00e9l\u00e9ments ainsi que toute repr\u00e9sentation totale ou partielle de ces marques ou nom de domaines effectu\u00e9es ou non \u00e0 partir des \u00e9l\u00e9ments du site sans l\u2019autorisation expresse pr\u00e9alable et \u00e9crite de Chefinov sont interdites et constitueraient une contrefa\u00e7on, sanctionn\u00e9e civilement et\/ou p\u00e9nalement.<\/p>\n\n\n\n<p>NB : Article 6, I, 4\u00b0 de la loi 2004-575 du 21 juin 2004 :<br>\u00ab\u00a0Le fait, pour toute personne, de pr\u00e9senter aux h\u00e9bergeurs du site un contenu ou une activit\u00e9 comme \u00e9tant illicite dans le but d&rsquo;en obtenir le retrait ou d&rsquo;en faire cesser la diffusion, alors qu&rsquo;elle sait cette information inexacte, est puni d&rsquo;une peine d&rsquo;un an d&#8217;emprisonnement et de 15 000 EUR d&rsquo;amende.\u00a0\u00bb<\/p>\n\n\n\n<h3 class=\"wp-block-heading\">Donn\u00e9es personnelles<\/h3>\n\n\n\n<p>Les informations d\u00e9pos\u00e9es \u00e0 partir de ce site sont n\u00e9cessaires pour traiter vos demandes.<\/p>\n\n\n\n<p>Conform\u00e9ment \u00e0 la loi \u00ab Informatique et Libert\u00e9s \u00bb n\u00b078-17 du 6 janvier 1978 modifi\u00e9e, vous b\u00e9n\u00e9ficiez d\u2019un droit d\u2019acc\u00e8s et de rectification aux donn\u00e9es vous concernant et du droit de vous opposer, pour motifs l\u00e9gitimes, au traitement de ces donn\u00e9es ainsi que du droit de d\u00e9finir des directives sur le sort, post mortem, de ces donn\u00e9es. Vous pouvez exercer ces droits en vous adressant \u00e0 (toute demande devra \u00eatre accompagn\u00e9e d\u2019une copie, recto-verso, d\u2019une pi\u00e8ce d\u2019identit\u00e9):<\/p>\n\n\n\n<p><strong>SAS CHEFINOV<\/strong><br>68, rue des lavoirs &#8211; 33700 M\u00e9rignac<br>info@chefinov.com<\/p>\n\n\n\n<p>Vous b\u00e9n\u00e9ficiez enfin du droit d\u2019introduire une r\u00e9clamation aupr\u00e8s de la CNIL.<\/p>\n\n\n\n<h3 class=\"wp-block-heading\">Informations collect\u00e9es<\/h3>\n\n\n\n<p>1) Les informations collect\u00e9es directement aupr\u00e8s de vous :<\/p>\n\n\n\n<ul class=\"wp-block-list\"><li>Nom et pr\u00e9nom,<\/li><li>Adresse e-mail et adresse postale,<\/li><li>Date de naissance,<\/li><li>Num\u00e9ros de t\u00e9l\u00e9phone portable et\/ou de t\u00e9l\u00e9phone fixe,<\/li><li>Le mot de passe de votre compte.<\/li><\/ul>\n\n\n\n<p>2) Les informations que nous collectons \u00e0 partir d&rsquo;autres sources :<\/p>\n\n\n\n<ul class=\"wp-block-list\"><li>Achats effectu\u00e9s en magasins et commandes effectu\u00e9es sur le site afin de mieux conna\u00eetre vos pr\u00e9f\u00e9rences d&rsquo;achat et vous adresser des communications ou offres personnalis\u00e9es.<br>Toutes les informations que nous collectons sur vous peuvent \u00eatre combin\u00e9es pour \u00e9laborer une communication personnalis\u00e9e.<\/li><\/ul>\n\n\n\n<p>Ces informations sont conserv\u00e9es 3 ans par Chefinov<\/p>\n\n\n\n<h3 class=\"wp-block-heading\">Le traitement peut avoir tout ou partie des finalit\u00e9s suivantes<\/h3>\n\n\n\n<p>Effectuer les op\u00e9rations relatives \u00e0 la gestion des clients concernant les commandes, les livraisons, les factures, le programme de fid\u00e9lit\u00e9 de l\u2019enseigne, le suivi de la relation client tels que la r\u00e9alisation d&rsquo;enqu\u00eates de satisfaction, la gestion des r\u00e9clamations et du service apr\u00e8s-vente,<\/p>\n\n\n\n<p>Effectuer des op\u00e9rations relatives \u00e0 la prospection :<\/p>\n\n\n\n<ul class=\"wp-block-list\"><li>la gestion d\u2019op\u00e9rations techniques de prospection (ce qui inclut notamment les op\u00e9rations techniques comme la normalisation, l\u2019enrichissement et la d\u00e9duplication) ;<\/li><li>la s\u00e9lection de personnes pour r\u00e9aliser des actions de fid\u00e9lisation, de prospection, de sondage, de test produit et de promotion ;<\/li><li>la r\u00e9alisation d\u2019op\u00e9rations de sollicitations ;<\/li><li>l\u2019\u00e9laboration de statistiques commerciales ;<\/li><li>l\u2019organisation de jeux concours, de loteries ou de toute op\u00e9ration promotionnelle, \u00e0 l\u2019exclusion des jeux d\u2019argent et de hasard en ligne, soumis \u00e0 l\u2019agr\u00e9ment de l\u2019Autorit\u00e9 de R\u00e9gulation des Jeux en Ligne;<\/li><li>la gestion des demandes de droit d&rsquo;acc\u00e8s, de rectification et d\u2019opposition ; la gestion des avis des personnes sur des produits, services ou contenus.<\/li><\/ul>\n\n\n\n<h3 class=\"wp-block-heading\">Opt-ins<\/h3>\n\n\n\n<p>Dans le cadre du Site ou de l&rsquo;application mobile, il pourra vous \u00eatre offert de recevoir des informations et\/ou offres. Aucune information de cette nature ne pourra vous \u00eatre adress\u00e9e sans qu&rsquo;il vous soit pr\u00e9alablement demand\u00e9 d&rsquo;y consentir positivement, en cochant la case d&rsquo;acceptation correspondante. Il vous sera possible de mettre fin \u00e0 cette autorisation \u00e0 tout moment. Cette modification sera trait\u00e9e dans les meilleurs d\u00e9lais, \u00e0 compter de la r\u00e9ception de votre demande.<\/p>\n\n\n\n<h3 class=\"wp-block-heading\">Divulgation des informations<\/h3>\n\n\n\n<p>Nous ne vendons pas vos informations personnelles \u00e0 des soci\u00e9t\u00e9s. Nous partageons vos informations personnelles seulement de la fa\u00e7on d\u00e9crite ci-dessous.<\/p>\n\n\n\n<p>1) Fournisseurs de service tiers :<br>Nous pouvons faire appel \u00e0 des fournisseurs de services tiers pour ex\u00e9cuter certains services pour notre site et application mobile. Ainsi, nous pouvons \u00eatre amen\u00e9s \u00e0 partager avec eux vos informations personnelles. Dans ce cas, nous leur fournissons uniquement les donn\u00e9es dont ils ont besoin pour ex\u00e9cuter leurs services.<br>Nous leur demandons express\u00e9ment de prot\u00e9ger ces informations et de ne pas les communiquer \u00e0 d&rsquo;autres soci\u00e9t\u00e9s. Par exemple, nous pouvons avoir recours \u00e0 un fournisseur de service pour h\u00e9berger nos sites Internet, d\u00e9livrer nos messages emails et de t\u00e9l\u00e9phonie mobile, etc.<\/p>\n\n\n\n<p>2) Autres Situations :<br>Nous pouvons partager vos informations personnelles :<\/p>\n\n\n\n<ul class=\"wp-block-list\"><li>Si la loi l&rsquo;exige et\/ou des autorit\u00e9s publiques.<\/li><\/ul>\n\n\n\n<p>3) Informations g\u00e9n\u00e9rales et non personnelles :<br>Nous pouvons partager des informations g\u00e9n\u00e9rales qui ne peuvent pas vous identifier pour des analyses commerciales g\u00e9n\u00e9rales. Par exemple, nous pourrions r\u00e9v\u00e9ler le nombre de visiteurs sur ce site.<\/p>\n\n\n\n<h3 class=\"wp-block-heading\">Inscription sur le site Internet<\/h3>\n\n\n\n<p>Pour faciliter vos r\u00e9servations de produits lors de l\u2019utilisation du Site Web, nous vous offrons la possibilit\u00e9 de cr\u00e9er un compte personnel. Si vous profitez de cette possibilit\u00e9, toutes les donn\u00e9es personnelles que vous nous fournirez pendant le processus d\u2019enregistrement seront stock\u00e9es dans notre base de donn\u00e9es clients et n\u2019auront donc pas besoin d\u2019\u00eatre saisies lors de chaque nouvelle commande. Elles appara\u00eetront automatiquement sur la r\u00e9servation.<\/p>\n\n\n\n<p>Votre adresse de courriel servira d\u2019identifiant pour votre compte. Au cours du processus d\u2019enregistrement, il vous sera demand\u00e9 de cr\u00e9er votre propre mot de passe. Vous devrez garder confidentiels votre identifiant et votre mot de passe \u00e0 tout moment et ne pas les r\u00e9v\u00e9ler \u00e0 des tiers. Vous devrez vous conformer \u00e0 toutes nos instructions de s\u00e9curit\u00e9 ainsi qu\u2019\u00e0 nos recommandations. Vous serez tenu pour responsable de toute utilisation abusive de votre identifiant et de votre mot de passe, sauf en cas de perte ou de vol de ceux-ci, \u00e0 condition que vous nous en ayez avertis sans d\u00e9lai \u00e0 l\u2019adresse figurant en t\u00eate des pr\u00e9sentes.<\/p>\n\n\n\n<h3 class=\"wp-block-heading\">Conditions de consultation des stocks et r\u00e9servation d&rsquo;un produit pour retrait en magasin<\/h3>\n\n\n\n<p>Ce site web qui utilise la g\u00e9olocalisation et vous demande o\u00f9 vous \u00eates pour vous apporter les informations les plus pertinentes ou pour vous faire gagner du temps pendant vos recherches, afin de d\u00e9terminer le magasin le plus proche. Ce service est totalement optionnel . Votre localisation n\u2019est pas partag\u00e9e sans votre permission \u2013 et est r\u00e9alis\u00e9e avec le plus grand respect de votre vie priv\u00e9e<\/p>\n\n\n\n<h3 class=\"wp-block-heading\">Application de la loi fran\u00e7aise<\/h3>\n\n\n\n<p>Le pr\u00e9sent document est r\u00e9gi et interpr\u00e9t\u00e9 selon le droit fran\u00e7ais et rel\u00e8ve de la comp\u00e9tence exclusive des tribunaux fran\u00e7ais et plus sp\u00e9cifique du Tribunal de Commerce de Bordeaux au fond ou en r\u00e9f\u00e9r\u00e9.<\/p>\n\n\n\n<p>Si l\u2019une des dispositions du pr\u00e9sent texte s\u2019av\u00e9rait nulle, non valide ou sans effet juridique, toutes les autres dispositions demeureraient applicables.<\/p>\n","protected":false},"excerpt":{"rendered":"<p>Editeur \/ R\u00e9daction : SAS CHEFINOV68, rue des lavoirs &#8211; 33700 M\u00e9rignacinfo@chefinov.com Code Ape 4759BSIRET 89782661600012RCS Bordeaux B 897&nbsp;826&nbsp;616Capital social 15000 EUROTVA FR59897826616 H\u00e9bergement : OVH Limitation de responsabilit\u00e9 Les Utilisateurs ont conscience que les al\u00e9as techniques propres au r\u00e9seau Internet ne permettent pas \u00e0 l\u2019\u00e9diteur de garantir le fonctionnement ininterrompu du Site. L\u2019\u00e9diteur ne &hellip; <\/p>\n<p class=\"link-more\"><a href=\"https:\/\/www.e-documentations.com\/www\/mentions-legales\/\" class=\"more-link\">Continuer la lecture<span class=\"screen-reader-text\"> de &laquo;&nbsp;Mentions l\u00e9gales&nbsp;&raquo;<\/span><\/a><\/p>\n","protected":false},"author":1,"featured_media":0,"parent":0,"menu_order":0,"comment_status":"closed","ping_status":"closed","template":"","meta":{"footnotes":""},"class_list":["post-293","page","type-page","status-publish","hentry"],"yoast_head":"<!-- This site is optimized with the Yoast SEO plugin v21.5 - https:\/\/yoast.com\/wordpress\/plugins\/seo\/ -->\n<title>Mentions l\u00e9gales -<\/title>\n<meta name=\"robots\" content=\"index, follow, max-snippet:-1, max-image-preview:large, max-video-preview:-1\" \/>\n<link rel=\"canonical\" href=\"https:\/\/www.e-documentations.com\/www\/mentions-legales\/\" \/>\n<meta property=\"og:locale\" content=\"fr_FR\" \/>\n<meta property=\"og:type\" content=\"article\" \/>\n<meta property=\"og:title\" content=\"Mentions l\u00e9gales -\" \/>\n<meta property=\"og:description\" content=\"Editeur \/ R\u00e9daction : SAS CHEFINOV68, rue des lavoirs &#8211; 33700 M\u00e9rignacinfo@chefinov.com Code Ape 4759BSIRET 89782661600012RCS Bordeaux B 897&nbsp;826&nbsp;616Capital social 15000 EUROTVA FR59897826616 H\u00e9bergement : OVH Limitation de responsabilit\u00e9 Les Utilisateurs ont conscience que les al\u00e9as techniques propres au r\u00e9seau Internet ne permettent pas \u00e0 l\u2019\u00e9diteur de garantir le fonctionnement ininterrompu du Site. L\u2019\u00e9diteur ne &hellip; Continuer la lecture de &laquo;&nbsp;Mentions l\u00e9gales&nbsp;&raquo;\" \/>\n<meta property=\"og:url\" content=\"https:\/\/www.e-documentations.com\/www\/mentions-legales\/\" \/>\n<meta property=\"article:publisher\" content=\"https:\/\/www.facebook.com\/Multidouille\/\" \/>\n<meta property=\"article:modified_time\" content=\"2021-11-15T20:23:16+00:00\" \/>\n<meta property=\"og:image\" content=\"https:\/\/www.e-documentations.com\/www\/wp-content\/uploads\/2022\/02\/multirubis.jpg\" \/>\n\t<meta property=\"og:image:width\" content=\"1\" \/>\n\t<meta property=\"og:image:height\" content=\"1\" \/>\n\t<meta property=\"og:image:type\" content=\"image\/jpeg\" \/>\n<meta name=\"twitter:card\" content=\"summary_large_image\" \/>\n<meta name=\"twitter:label1\" content=\"Dur\u00e9e de lecture estim\u00e9e\" \/>\n\t<meta name=\"twitter:data1\" content=\"7 minutes\" \/>\n<script type=\"application\/ld+json\" class=\"yoast-schema-graph\">{\"@context\":\"https:\/\/schema.org\",\"@graph\":[{\"@type\":\"WebPage\",\"@id\":\"https:\/\/www.e-documentations.com\/www\/mentions-legales\/\",\"url\":\"https:\/\/www.e-documentations.com\/www\/mentions-legales\/\",\"name\":\"Mentions l\u00e9gales -\",\"isPartOf\":{\"@id\":\"https:\/\/www.e-documentations.com\/www\/#website\"},\"datePublished\":\"2021-04-17T11:54:24+00:00\",\"dateModified\":\"2021-11-15T20:23:16+00:00\",\"breadcrumb\":{\"@id\":\"https:\/\/www.e-documentations.com\/www\/mentions-legales\/#breadcrumb\"},\"inLanguage\":\"fr-FR\",\"potentialAction\":[{\"@type\":\"ReadAction\",\"target\":[\"https:\/\/www.e-documentations.com\/www\/mentions-legales\/\"]}]},{\"@type\":\"BreadcrumbList\",\"@id\":\"https:\/\/www.e-documentations.com\/www\/mentions-legales\/#breadcrumb\",\"itemListElement\":[{\"@type\":\"ListItem\",\"position\":1,\"name\":\"Accueil\",\"item\":\"https:\/\/www.e-documentations.com\/www\/\"},{\"@type\":\"ListItem\",\"position\":2,\"name\":\"Mentions l\u00e9gales\"}]},{\"@type\":\"WebSite\",\"@id\":\"https:\/\/www.e-documentations.com\/www\/#website\",\"url\":\"https:\/\/www.e-documentations.com\/www\/\",\"name\":\"\",\"description\":\"\",\"publisher\":{\"@id\":\"https:\/\/www.e-documentations.com\/www\/#organization\"},\"potentialAction\":[{\"@type\":\"SearchAction\",\"target\":{\"@type\":\"EntryPoint\",\"urlTemplate\":\"https:\/\/www.e-documentations.com\/www\/?s={search_term_string}\"},\"query-input\":\"required name=search_term_string\"}],\"inLanguage\":\"fr-FR\"},{\"@type\":\"Organization\",\"@id\":\"https:\/\/www.e-documentations.com\/www\/#organization\",\"name\":\"Multidouille by Chefinov\",\"url\":\"https:\/\/www.e-documentations.com\/www\/\",\"logo\":{\"@type\":\"ImageObject\",\"inLanguage\":\"fr-FR\",\"@id\":\"https:\/\/www.e-documentations.com\/www\/#\/schema\/logo\/image\/\",\"url\":\"https:\/\/www.e-documentations.com\/www\/wp-content\/uploads\/2021\/04\/cropped-cropped-logo-qrcode-1.jpg\",\"contentUrl\":\"https:\/\/www.e-documentations.com\/www\/wp-content\/uploads\/2021\/04\/cropped-cropped-logo-qrcode-1.jpg\",\"width\":389,\"height\":216,\"caption\":\"Multidouille by Chefinov\"},\"image\":{\"@id\":\"https:\/\/www.e-documentations.com\/www\/#\/schema\/logo\/image\/\"},\"sameAs\":[\"https:\/\/www.facebook.com\/Multidouille\/\"]}]}<\/script>\n<!-- \/ Yoast SEO plugin. -->","yoast_head_json":{"title":"Mentions l\u00e9gales -","robots":{"index":"index","follow":"follow","max-snippet":"max-snippet:-1","max-image-preview":"max-image-preview:large","max-video-preview":"max-video-preview:-1"},"canonical":"https:\/\/www.e-documentations.com\/www\/mentions-legales\/","og_locale":"fr_FR","og_type":"article","og_title":"Mentions l\u00e9gales -","og_description":"Editeur \/ R\u00e9daction : SAS CHEFINOV68, rue des lavoirs &#8211; 33700 M\u00e9rignacinfo@chefinov.com Code Ape 4759BSIRET 89782661600012RCS Bordeaux B 897&nbsp;826&nbsp;616Capital social 15000 EUROTVA FR59897826616 H\u00e9bergement : OVH Limitation de responsabilit\u00e9 Les Utilisateurs ont conscience que les al\u00e9as techniques propres au r\u00e9seau Internet ne permettent pas \u00e0 l\u2019\u00e9diteur de garantir le fonctionnement ininterrompu du Site. L\u2019\u00e9diteur ne &hellip; Continuer la lecture de &laquo;&nbsp;Mentions l\u00e9gales&nbsp;&raquo;","og_url":"https:\/\/www.e-documentations.com\/www\/mentions-legales\/","article_publisher":"https:\/\/www.facebook.com\/Multidouille\/","article_modified_time":"2021-11-15T20:23:16+00:00","og_image":[{"url":"https:\/\/www.e-documentations.com\/www\/wp-content\/uploads\/2022\/02\/multirubis.jpg","width":1,"height":1,"type":"image\/jpeg"}],"twitter_card":"summary_large_image","twitter_misc":{"Dur\u00e9e de lecture estim\u00e9e":"7 minutes"},"schema":{"@context":"https:\/\/schema.org","@graph":[{"@type":"WebPage","@id":"https:\/\/www.e-documentations.com\/www\/mentions-legales\/","url":"https:\/\/www.e-documentations.com\/www\/mentions-legales\/","name":"Mentions l\u00e9gales -","isPartOf":{"@id":"https:\/\/www.e-documentations.com\/www\/#website"},"datePublished":"2021-04-17T11:54:24+00:00","dateModified":"2021-11-15T20:23:16+00:00","breadcrumb":{"@id":"https:\/\/www.e-documentations.com\/www\/mentions-legales\/#breadcrumb"},"inLanguage":"fr-FR","potentialAction":[{"@type":"ReadAction","target":["https:\/\/www.e-documentations.com\/www\/mentions-legales\/"]}]},{"@type":"BreadcrumbList","@id":"https:\/\/www.e-documentations.com\/www\/mentions-legales\/#breadcrumb","itemListElement":[{"@type":"ListItem","position":1,"name":"Accueil","item":"https:\/\/www.e-documentations.com\/www\/"},{"@type":"ListItem","position":2,"name":"Mentions l\u00e9gales"}]},{"@type":"WebSite","@id":"https:\/\/www.e-documentations.com\/www\/#website","url":"https:\/\/www.e-documentations.com\/www\/","name":"","description":"","publisher":{"@id":"https:\/\/www.e-documentations.com\/www\/#organization"},"potentialAction":[{"@type":"SearchAction","target":{"@type":"EntryPoint","urlTemplate":"https:\/\/www.e-documentations.com\/www\/?s={search_term_string}"},"query-input":"required name=search_term_string"}],"inLanguage":"fr-FR"},{"@type":"Organization","@id":"https:\/\/www.e-documentations.com\/www\/#organization","name":"Multidouille by Chefinov","url":"https:\/\/www.e-documentations.com\/www\/","logo":{"@type":"ImageObject","inLanguage":"fr-FR","@id":"https:\/\/www.e-documentations.com\/www\/#\/schema\/logo\/image\/","url":"https:\/\/www.e-documentations.com\/www\/wp-content\/uploads\/2021\/04\/cropped-cropped-logo-qrcode-1.jpg","contentUrl":"https:\/\/www.e-documentations.com\/www\/wp-content\/uploads\/2021\/04\/cropped-cropped-logo-qrcode-1.jpg","width":389,"height":216,"caption":"Multidouille by Chefinov"},"image":{"@id":"https:\/\/www.e-documentations.com\/www\/#\/schema\/logo\/image\/"},"sameAs":["https:\/\/www.facebook.com\/Multidouille\/"]}]}},"_links":{"self":[{"href":"https:\/\/www.e-documentations.com\/www\/wp-json\/wp\/v2\/pages\/293","targetHints":{"allow":["GET"]}}],"collection":[{"href":"https:\/\/www.e-documentations.com\/www\/wp-json\/wp\/v2\/pages"}],"about":[{"href":"https:\/\/www.e-documentations.com\/www\/wp-json\/wp\/v2\/types\/page"}],"author":[{"embeddable":true,"href":"https:\/\/www.e-documentations.com\/www\/wp-json\/wp\/v2\/users\/1"}],"replies":[{"embeddable":true,"href":"https:\/\/www.e-documentations.com\/www\/wp-json\/wp\/v2\/comments?post=293"}],"version-history":[{"count":0,"href":"https:\/\/www.e-documentations.com\/www\/wp-json\/wp\/v2\/pages\/293\/revisions"}],"wp:attachment":[{"href":"https:\/\/www.e-documentations.com\/www\/wp-json\/wp\/v2\/media?parent=293"}],"curies":[{"name":"wp","href":"https:\/\/api.w.org\/{rel}","templated":true}]}}