{"id":4280,"date":"2022-05-01T21:13:36","date_gmt":"2022-05-01T19:13:36","guid":{"rendered":"https:\/\/www.chefinov.com\/multibakk\/?page_id=4280"},"modified":"2023-03-25T14:37:11","modified_gmt":"2023-03-25T13:37:11","slug":"video-rapidite","status":"publish","type":"page","link":"https:\/\/www.e-documentations.com\/www\/video-rapidite\/","title":{"rendered":"video rapidit\u00e9"},"content":{"rendered":"\t\t<div data-elementor-type=\"wp-page\" data-elementor-id=\"4280\" class=\"elementor elementor-4280\" data-elementor-post-type=\"page\">\n\t\t\t\t\t\t\t\t\t<section class=\"elementor-section elementor-top-section elementor-element elementor-element-55a12d5d elementor-hidden-desktop elementor-hidden-tablet elementor-section-boxed elementor-section-height-default elementor-section-height-default\" data-id=\"55a12d5d\" data-element_type=\"section\">\n\t\t\t\t\t\t<div class=\"elementor-container elementor-column-gap-default\">\n\t\t\t\t\t<div class=\"elementor-column elementor-col-100 elementor-top-column elementor-element elementor-element-8802187\" data-id=\"8802187\" data-element_type=\"column\">\n\t\t\t<div class=\"elementor-widget-wrap elementor-element-populated\">\n\t\t\t\t\t\t\t\t<div class=\"elementor-element elementor-element-44118fba elementor-widget elementor-widget-image\" data-id=\"44118fba\" data-element_type=\"widget\" data-widget_type=\"image.default\">\n\t\t\t\t<div class=\"elementor-widget-container\">\n\t\t\t\t\t\t\t\t\t\t\t\t\t\t\t<img decoding=\"async\" width=\"525\" height=\"81\" src=\"https:\/\/www.e-documentations.com\/www\/wp-content\/uploads\/2021\/08\/cropped-baniereboutique3108-scaled-1-768x119.jpg\" class=\"attachment-medium_large size-medium_large wp-image-3212\" alt=\"\" srcset=\"https:\/\/www.e-documentations.com\/www\/wp-content\/uploads\/2021\/08\/cropped-baniereboutique3108-scaled-1-768x119.jpg 768w, https:\/\/www.e-documentations.com\/www\/wp-content\/uploads\/2021\/08\/cropped-baniereboutique3108-scaled-1-250x39.jpg 250w, https:\/\/www.e-documentations.com\/www\/wp-content\/uploads\/2021\/08\/cropped-baniereboutique3108-scaled-1-350x54.jpg 350w, https:\/\/www.e-documentations.com\/www\/wp-content\/uploads\/2021\/08\/cropped-baniereboutique3108-scaled-1-300x47.jpg 300w, https:\/\/www.e-documentations.com\/www\/wp-content\/uploads\/2021\/08\/cropped-baniereboutique3108-scaled-1-1024x159.jpg 1024w, https:\/\/www.e-documentations.com\/www\/wp-content\/uploads\/2021\/08\/cropped-baniereboutique3108-scaled-1-1536x239.jpg 1536w, https:\/\/www.e-documentations.com\/www\/wp-content\/uploads\/2021\/08\/cropped-baniereboutique3108-scaled-1.jpg 1607w\" sizes=\"100vw\" \/>\t\t\t\t\t\t\t\t\t\t\t\t\t\t\t<\/div>\n\t\t\t\t<\/div>\n\t\t\t\t\t<\/div>\n\t\t<\/div>\n\t\t\t\t\t\t\t<\/div>\n\t\t<\/section>\n\t\t\t\t<section class=\"elementor-section elementor-top-section elementor-element elementor-element-1e33b35 elementor-section-boxed elementor-section-height-default elementor-section-height-default\" data-id=\"1e33b35\" data-element_type=\"section\">\n\t\t\t\t\t\t<div class=\"elementor-container elementor-column-gap-default\">\n\t\t\t\t\t<div class=\"elementor-column elementor-col-100 elementor-top-column elementor-element elementor-element-9fa5da2\" data-id=\"9fa5da2\" data-element_type=\"column\">\n\t\t\t<div class=\"elementor-widget-wrap elementor-element-populated\">\n\t\t\t\t\t\t\t\t<div class=\"elementor-element elementor-element-3842457 elementor-widget elementor-widget-video\" data-id=\"3842457\" data-element_type=\"widget\" data-settings=\"{&quot;video_type&quot;:&quot;hosted&quot;,&quot;autoplay&quot;:&quot;yes&quot;,&quot;play_on_mobile&quot;:&quot;yes&quot;,&quot;loop&quot;:&quot;yes&quot;,&quot;controls&quot;:&quot;yes&quot;}\" data-widget_type=\"video.default\">\n\t\t\t\t<div class=\"elementor-widget-container\">\n\t\t\t\t\t<div class=\"e-hosted-video elementor-wrapper elementor-open-inline\">\n\t\t\t\t\t<video class=\"elementor-video\" src=\"https:\/\/www.e-documentations.com\/www\/wp-content\/uploads\/2022\/05\/comparaisoncourt.mp4\" autoplay=\"\" loop=\"\" controls=\"\" playsinline=\"\" poster=\"https:\/\/www.e-documentations.com\/www\/wp-content\/uploads\/2022\/05\/Sans-titre.png\"><\/video>\n\t\t\t\t<\/div>\n\t\t\t\t<\/div>\n\t\t\t\t<\/div>\n\t\t\t\t\t<\/div>\n\t\t<\/div>\n\t\t\t\t\t\t\t<\/div>\n\t\t<\/section>\n\t\t\t\t<section class=\"elementor-section elementor-top-section elementor-element elementor-element-437f0f2 elementor-section-boxed elementor-section-height-default elementor-section-height-default\" data-id=\"437f0f2\" data-element_type=\"section\">\n\t\t\t\t\t\t<div class=\"elementor-container elementor-column-gap-default\">\n\t\t\t\t\t<div class=\"elementor-column elementor-col-100 elementor-top-column elementor-element elementor-element-98ddfeb\" data-id=\"98ddfeb\" data-element_type=\"column\">\n\t\t\t<div class=\"elementor-widget-wrap elementor-element-populated\">\n\t\t\t\t\t\t\t\t<div class=\"elementor-element elementor-element-ce7638b elementor-widget elementor-widget-heading\" data-id=\"ce7638b\" data-element_type=\"widget\" data-widget_type=\"heading.default\">\n\t\t\t\t<div class=\"elementor-widget-container\">\n\t\t\t<h2 class=\"elementor-heading-title elementor-size-default\">article de cuisine - ustensile de p\u00e2tisserie<\/h2>\t\t<\/div>\n\t\t\t\t<\/div>\n\t\t\t\t\t<\/div>\n\t\t<\/div>\n\t\t\t\t\t\t\t<\/div>\n\t\t<\/section>\n\t\t\t\t<section class=\"elementor-section elementor-top-section elementor-element elementor-element-47383d01 elementor-section-boxed elementor-section-height-default elementor-section-height-default\" data-id=\"47383d01\" data-element_type=\"section\">\n\t\t\t\t\t\t<div class=\"elementor-container elementor-column-gap-default\">\n\t\t\t\t\t<div class=\"elementor-column elementor-col-100 elementor-top-column elementor-element elementor-element-2a204181\" data-id=\"2a204181\" data-element_type=\"column\">\n\t\t\t<div class=\"elementor-widget-wrap elementor-element-populated\">\n\t\t\t\t\t\t\t\t<div class=\"elementor-element elementor-element-1b2745ba elementor-align-center elementor-widget elementor-widget-button\" data-id=\"1b2745ba\" data-element_type=\"widget\" data-widget_type=\"button.default\">\n\t\t\t\t<div class=\"elementor-widget-container\">\n\t\t\t\t\t<div class=\"elementor-button-wrapper\">\n\t\t\t<a class=\"elementor-button elementor-button-link elementor-size-sm\" href=\"https:\/\/www.e-documentations.com\/www\/boutique-multidouille\/\">\n\t\t\t\t\t\t<span class=\"elementor-button-content-wrapper\">\n\t\t\t\t\t\t<span class=\"elementor-button-text\">Acheter<\/span>\n\t\t<\/span>\n\t\t\t\t\t<\/a>\n\t\t<\/div>\n\t\t\t\t<\/div>\n\t\t\t\t<\/div>\n\t\t\t\t\t<\/div>\n\t\t<\/div>\n\t\t\t\t\t\t\t<\/div>\n\t\t<\/section>\n\t\t\t\t<section class=\"elementor-section elementor-top-section elementor-element elementor-element-4661af7 elementor-section-boxed elementor-section-height-default elementor-section-height-default\" data-id=\"4661af7\" data-element_type=\"section\">\n\t\t\t\t\t\t<div class=\"elementor-container elementor-column-gap-default\">\n\t\t\t\t\t<div class=\"elementor-column elementor-col-100 elementor-top-column elementor-element elementor-element-0faadb0\" data-id=\"0faadb0\" data-element_type=\"column\">\n\t\t\t<div class=\"elementor-widget-wrap elementor-element-populated\">\n\t\t\t\t\t\t\t\t<div class=\"elementor-element elementor-element-8d69c37 elementor-widget elementor-widget-text-editor\" data-id=\"8d69c37\" data-element_type=\"widget\" data-widget_type=\"text-editor.default\">\n\t\t\t\t<div class=\"elementor-widget-container\">\n\t\t\t\t\t\t\t<p style=\"color: rgb(94, 93, 93); font-family: Poppins, sans-serif; font-size: 16px; text-align: center;\">En une seule pression sur la poche \u00e0 douille, garnissez et r\u00e9alisez des d\u00e9cors vari\u00e9s plus facilement, avec votre cr\u00e8me pr\u00e9f\u00e9r\u00e9e.&nbsp;<\/p><p style=\"color: rgb(94, 93, 93); font-family: Poppins, sans-serif; font-size: 16px; text-align: center;\">Gain de temps et r\u00e9gularit\u00e9 assur\u00e9e.<\/p>\t\t\t\t\t\t<\/div>\n\t\t\t\t<\/div>\n\t\t\t\t\t<\/div>\n\t\t<\/div>\n\t\t\t\t\t\t\t<\/div>\n\t\t<\/section>\n\t\t\t\t<section class=\"elementor-section elementor-top-section elementor-element elementor-element-aef5009 elementor-hidden-desktop elementor-section-stretched elementor-section-full_width elementor-hidden-tablet elementor-section-height-default elementor-section-height-default\" data-id=\"aef5009\" data-element_type=\"section\" data-settings=\"{&quot;background_background&quot;:&quot;classic&quot;,&quot;sticky&quot;:&quot;bottom&quot;,&quot;sticky_on&quot;:[&quot;tablet&quot;,&quot;mobile&quot;],&quot;stretch_section&quot;:&quot;section-stretched&quot;,&quot;background_motion_fx_motion_fx_mouse&quot;:&quot;yes&quot;,&quot;background_motion_fx_mouseTrack_effect&quot;:&quot;yes&quot;,&quot;background_motion_fx_mouseTrack_speed&quot;:{&quot;unit&quot;:&quot;px&quot;,&quot;size&quot;:1,&quot;sizes&quot;:[]},&quot;sticky_offset&quot;:0,&quot;sticky_effects_offset&quot;:0}\">\n\t\t\t\t\t\t<div class=\"elementor-container elementor-column-gap-default\">\n\t\t\t\t\t<div class=\"elementor-column elementor-col-100 elementor-top-column elementor-element elementor-element-2c79c73e\" data-id=\"2c79c73e\" data-element_type=\"column\">\n\t\t\t<div class=\"elementor-widget-wrap elementor-element-populated\">\n\t\t\t\t\t\t\t\t<div class=\"elementor-element elementor-element-5f36d506 elementor-nav-menu--dropdown-none elementor-nav-menu__align-center elementor-widget elementor-widget-nav-menu\" data-id=\"5f36d506\" data-element_type=\"widget\" data-settings=\"{&quot;layout&quot;:&quot;horizontal&quot;,&quot;submenu_icon&quot;:{&quot;value&quot;:&quot;&lt;i class=\\&quot;fas fa-caret-down\\&quot;&gt;&lt;\\\/i&gt;&quot;,&quot;library&quot;:&quot;fa-solid&quot;}}\" data-widget_type=\"nav-menu.default\">\n\t\t\t\t<div class=\"elementor-widget-container\">\n\t\t\t\t\t\t<nav class=\"elementor-nav-menu--main elementor-nav-menu__container elementor-nav-menu--layout-horizontal e--pointer-framed e--animation-fade\">\n\t\t\t\t<ul id=\"menu-1-5f36d506\" class=\"elementor-nav-menu\"><li class=\"menu-item menu-item-type-post_type menu-item-object-page menu-item-home menu-item-6752\"><a href=\"https:\/\/www.e-documentations.com\/www\/\" class=\"elementor-item\">Accueil<\/a><\/li>\n<li class=\"menu-item menu-item-type-post_type menu-item-object-page menu-item-6753\"><a href=\"https:\/\/www.e-documentations.com\/www\/boutique-multidouille\/\" class=\"elementor-item\">Boutique<\/a><\/li>\n<\/ul>\t\t\t<\/nav>\n\t\t\t\t\t\t<nav class=\"elementor-nav-menu--dropdown elementor-nav-menu__container\" aria-hidden=\"true\">\n\t\t\t\t<ul id=\"menu-2-5f36d506\" class=\"elementor-nav-menu\"><li class=\"menu-item menu-item-type-post_type menu-item-object-page menu-item-home menu-item-6752\"><a href=\"https:\/\/www.e-documentations.com\/www\/\" class=\"elementor-item\" tabindex=\"-1\">Accueil<\/a><\/li>\n<li class=\"menu-item menu-item-type-post_type menu-item-object-page menu-item-6753\"><a href=\"https:\/\/www.e-documentations.com\/www\/boutique-multidouille\/\" class=\"elementor-item\" tabindex=\"-1\">Boutique<\/a><\/li>\n<\/ul>\t\t\t<\/nav>\n\t\t\t\t<\/div>\n\t\t\t\t<\/div>\n\t\t\t\t\t<\/div>\n\t\t<\/div>\n\t\t\t\t\t\t\t<\/div>\n\t\t<\/section>\n\t\t\t\t\t\t\t<\/div>\n\t\t","protected":false},"excerpt":{"rendered":"<p>https:\/\/www.e-documentations.com\/www\/wp-content\/uploads\/2022\/05\/comparaisoncourt.mp4 article de cuisine &#8211; ustensile de p\u00e2tisserie Acheter En une seule pression sur la poche \u00e0 douille, garnissez et r\u00e9alisez des d\u00e9cors vari\u00e9s plus facilement, avec votre cr\u00e8me pr\u00e9f\u00e9r\u00e9e.&nbsp; Gain de temps et r\u00e9gularit\u00e9 assur\u00e9e.<\/p>\n","protected":false},"author":1,"featured_media":0,"parent":0,"menu_order":0,"comment_status":"closed","ping_status":"closed","template":"","meta":{"footnotes":""},"class_list":["post-4280","page","type-page","status-publish","hentry"],"yoast_head":"<!-- This site is optimized with the Yoast SEO plugin v21.5 - https:\/\/yoast.com\/wordpress\/plugins\/seo\/ -->\n<title>Comment utiliser la poche \u00e0 douille ?<\/title>\n<meta name=\"description\" content=\"Pens\u00e9e pour \u00eatre\u00a0facile d&#039;utilisation, tout en \u00e9tant performant. Gain de temps et r\u00e9gularit\u00e9 - d\u00e9cor-de-g\u00e2teau-cake-design. Id\u00e9e de recettes.\" \/>\n<meta name=\"robots\" content=\"index, follow, max-snippet:-1, max-image-preview:large, max-video-preview:-1\" \/>\n<link rel=\"canonical\" href=\"https:\/\/www.e-documentations.com\/www\/video-rapidite\/\" \/>\n<meta property=\"og:locale\" content=\"fr_FR\" \/>\n<meta property=\"og:type\" content=\"article\" \/>\n<meta property=\"og:title\" content=\"Comment utiliser la poche \u00e0 douille ?\" \/>\n<meta property=\"og:description\" content=\"Pens\u00e9e pour \u00eatre\u00a0facile d&#039;utilisation, tout en \u00e9tant performant. Gain de temps et r\u00e9gularit\u00e9 - d\u00e9cor-de-g\u00e2teau-cake-design. Id\u00e9e de recettes.\" \/>\n<meta property=\"og:url\" content=\"https:\/\/www.e-documentations.com\/www\/video-rapidite\/\" \/>\n<meta property=\"article:publisher\" content=\"https:\/\/www.facebook.com\/Multidouille\/\" \/>\n<meta property=\"article:modified_time\" content=\"2023-03-25T13:37:11+00:00\" \/>\n<meta property=\"og:image\" content=\"https:\/\/www.e-documentations.com\/www\/wp-content\/uploads\/2021\/08\/cropped-baniereboutique3108-scaled-1-768x119.jpg\" \/>\n<meta name=\"twitter:card\" content=\"summary_large_image\" \/>\n<meta name=\"twitter:label1\" content=\"Dur\u00e9e de lecture estim\u00e9e\" \/>\n\t<meta name=\"twitter:data1\" content=\"1 minute\" \/>\n<script type=\"application\/ld+json\" class=\"yoast-schema-graph\">{\"@context\":\"https:\/\/schema.org\",\"@graph\":[{\"@type\":\"WebPage\",\"@id\":\"https:\/\/www.e-documentations.com\/www\/video-rapidite\/\",\"url\":\"https:\/\/www.e-documentations.com\/www\/video-rapidite\/\",\"name\":\"Comment utiliser la poche \u00e0 douille ?\",\"isPartOf\":{\"@id\":\"https:\/\/www.e-documentations.com\/www\/#website\"},\"datePublished\":\"2022-05-01T19:13:36+00:00\",\"dateModified\":\"2023-03-25T13:37:11+00:00\",\"description\":\"Pens\u00e9e pour \u00eatre\u00a0facile d'utilisation, tout en \u00e9tant performant. Gain de temps et r\u00e9gularit\u00e9 - d\u00e9cor-de-g\u00e2teau-cake-design. Id\u00e9e de recettes.\",\"breadcrumb\":{\"@id\":\"https:\/\/www.e-documentations.com\/www\/video-rapidite\/#breadcrumb\"},\"inLanguage\":\"fr-FR\",\"potentialAction\":[{\"@type\":\"ReadAction\",\"target\":[\"https:\/\/www.e-documentations.com\/www\/video-rapidite\/\"]}]},{\"@type\":\"BreadcrumbList\",\"@id\":\"https:\/\/www.e-documentations.com\/www\/video-rapidite\/#breadcrumb\",\"itemListElement\":[{\"@type\":\"ListItem\",\"position\":1,\"name\":\"Accueil\",\"item\":\"https:\/\/www.e-documentations.com\/www\/\"},{\"@type\":\"ListItem\",\"position\":2,\"name\":\"video rapidit\u00e9\"}]},{\"@type\":\"WebSite\",\"@id\":\"https:\/\/www.e-documentations.com\/www\/#website\",\"url\":\"https:\/\/www.e-documentations.com\/www\/\",\"name\":\"\",\"description\":\"\",\"publisher\":{\"@id\":\"https:\/\/www.e-documentations.com\/www\/#organization\"},\"potentialAction\":[{\"@type\":\"SearchAction\",\"target\":{\"@type\":\"EntryPoint\",\"urlTemplate\":\"https:\/\/www.e-documentations.com\/www\/?s={search_term_string}\"},\"query-input\":\"required name=search_term_string\"}],\"inLanguage\":\"fr-FR\"},{\"@type\":\"Organization\",\"@id\":\"https:\/\/www.e-documentations.com\/www\/#organization\",\"name\":\"Multidouille by Chefinov\",\"url\":\"https:\/\/www.e-documentations.com\/www\/\",\"logo\":{\"@type\":\"ImageObject\",\"inLanguage\":\"fr-FR\",\"@id\":\"https:\/\/www.e-documentations.com\/www\/#\/schema\/logo\/image\/\",\"url\":\"https:\/\/www.e-documentations.com\/www\/wp-content\/uploads\/2021\/04\/cropped-cropped-logo-qrcode-1.jpg\",\"contentUrl\":\"https:\/\/www.e-documentations.com\/www\/wp-content\/uploads\/2021\/04\/cropped-cropped-logo-qrcode-1.jpg\",\"width\":389,\"height\":216,\"caption\":\"Multidouille by Chefinov\"},\"image\":{\"@id\":\"https:\/\/www.e-documentations.com\/www\/#\/schema\/logo\/image\/\"},\"sameAs\":[\"https:\/\/www.facebook.com\/Multidouille\/\"]}]}<\/script>\n<!-- \/ Yoast SEO plugin. -->","yoast_head_json":{"title":"Comment utiliser la poche \u00e0 douille ?","description":"Pens\u00e9e pour \u00eatre\u00a0facile d'utilisation, tout en \u00e9tant performant. Gain de temps et r\u00e9gularit\u00e9 - d\u00e9cor-de-g\u00e2teau-cake-design. Id\u00e9e de recettes.","robots":{"index":"index","follow":"follow","max-snippet":"max-snippet:-1","max-image-preview":"max-image-preview:large","max-video-preview":"max-video-preview:-1"},"canonical":"https:\/\/www.e-documentations.com\/www\/video-rapidite\/","og_locale":"fr_FR","og_type":"article","og_title":"Comment utiliser la poche \u00e0 douille ?","og_description":"Pens\u00e9e pour \u00eatre\u00a0facile d'utilisation, tout en \u00e9tant performant. Gain de temps et r\u00e9gularit\u00e9 - d\u00e9cor-de-g\u00e2teau-cake-design. Id\u00e9e de recettes.","og_url":"https:\/\/www.e-documentations.com\/www\/video-rapidite\/","article_publisher":"https:\/\/www.facebook.com\/Multidouille\/","article_modified_time":"2023-03-25T13:37:11+00:00","og_image":[{"url":"https:\/\/www.e-documentations.com\/www\/wp-content\/uploads\/2021\/08\/cropped-baniereboutique3108-scaled-1-768x119.jpg"}],"twitter_card":"summary_large_image","twitter_misc":{"Dur\u00e9e de lecture estim\u00e9e":"1 minute"},"schema":{"@context":"https:\/\/schema.org","@graph":[{"@type":"WebPage","@id":"https:\/\/www.e-documentations.com\/www\/video-rapidite\/","url":"https:\/\/www.e-documentations.com\/www\/video-rapidite\/","name":"Comment utiliser la poche \u00e0 douille ?","isPartOf":{"@id":"https:\/\/www.e-documentations.com\/www\/#website"},"datePublished":"2022-05-01T19:13:36+00:00","dateModified":"2023-03-25T13:37:11+00:00","description":"Pens\u00e9e pour \u00eatre\u00a0facile d'utilisation, tout en \u00e9tant performant. Gain de temps et r\u00e9gularit\u00e9 - d\u00e9cor-de-g\u00e2teau-cake-design. Id\u00e9e de recettes.","breadcrumb":{"@id":"https:\/\/www.e-documentations.com\/www\/video-rapidite\/#breadcrumb"},"inLanguage":"fr-FR","potentialAction":[{"@type":"ReadAction","target":["https:\/\/www.e-documentations.com\/www\/video-rapidite\/"]}]},{"@type":"BreadcrumbList","@id":"https:\/\/www.e-documentations.com\/www\/video-rapidite\/#breadcrumb","itemListElement":[{"@type":"ListItem","position":1,"name":"Accueil","item":"https:\/\/www.e-documentations.com\/www\/"},{"@type":"ListItem","position":2,"name":"video rapidit\u00e9"}]},{"@type":"WebSite","@id":"https:\/\/www.e-documentations.com\/www\/#website","url":"https:\/\/www.e-documentations.com\/www\/","name":"","description":"","publisher":{"@id":"https:\/\/www.e-documentations.com\/www\/#organization"},"potentialAction":[{"@type":"SearchAction","target":{"@type":"EntryPoint","urlTemplate":"https:\/\/www.e-documentations.com\/www\/?s={search_term_string}"},"query-input":"required name=search_term_string"}],"inLanguage":"fr-FR"},{"@type":"Organization","@id":"https:\/\/www.e-documentations.com\/www\/#organization","name":"Multidouille by Chefinov","url":"https:\/\/www.e-documentations.com\/www\/","logo":{"@type":"ImageObject","inLanguage":"fr-FR","@id":"https:\/\/www.e-documentations.com\/www\/#\/schema\/logo\/image\/","url":"https:\/\/www.e-documentations.com\/www\/wp-content\/uploads\/2021\/04\/cropped-cropped-logo-qrcode-1.jpg","contentUrl":"https:\/\/www.e-documentations.com\/www\/wp-content\/uploads\/2021\/04\/cropped-cropped-logo-qrcode-1.jpg","width":389,"height":216,"caption":"Multidouille by Chefinov"},"image":{"@id":"https:\/\/www.e-documentations.com\/www\/#\/schema\/logo\/image\/"},"sameAs":["https:\/\/www.facebook.com\/Multidouille\/"]}]}},"_links":{"self":[{"href":"https:\/\/www.e-documentations.com\/www\/wp-json\/wp\/v2\/pages\/4280","targetHints":{"allow":["GET"]}}],"collection":[{"href":"https:\/\/www.e-documentations.com\/www\/wp-json\/wp\/v2\/pages"}],"about":[{"href":"https:\/\/www.e-documentations.com\/www\/wp-json\/wp\/v2\/types\/page"}],"author":[{"embeddable":true,"href":"https:\/\/www.e-documentations.com\/www\/wp-json\/wp\/v2\/users\/1"}],"replies":[{"embeddable":true,"href":"https:\/\/www.e-documentations.com\/www\/wp-json\/wp\/v2\/comments?post=4280"}],"version-history":[{"count":0,"href":"https:\/\/www.e-documentations.com\/www\/wp-json\/wp\/v2\/pages\/4280\/revisions"}],"wp:attachment":[{"href":"https:\/\/www.e-documentations.com\/www\/wp-json\/wp\/v2\/media?parent=4280"}],"curies":[{"name":"wp","href":"https:\/\/api.w.org\/{rel}","templated":true}]}}