{"id":2117,"date":"2021-08-30T20:53:02","date_gmt":"2021-08-30T18:53:02","guid":{"rendered":"https:\/\/www.chefinov.com\/multiden2\/produit\/hoodie-with-logo\/"},"modified":"2023-05-25T16:56:43","modified_gmt":"2023-05-25T14:56:43","slug":"set-de-base-multidouille","status":"publish","type":"product","link":"https:\/\/www.e-documentations.com\/www\/produit\/set-de-base-multidouille\/","title":{"rendered":"Set avec 1 Plateau Multidouille au choix"},"content":{"rendered":"<p style=\"text-align: center;\"><img decoding=\"async\" class=\"alignnone size-medium wp-image-4104\" src=\"https:\/\/www.e-documentations.com\/www\/wp-content\/uploads\/2022\/04\/Sans-titre-300x251.png\" alt=\"\" width=\"300\" height=\"251\" srcset=\"https:\/\/www.e-documentations.com\/www\/wp-content\/uploads\/2022\/04\/Sans-titre-300x251.png 300w, https:\/\/www.e-documentations.com\/www\/wp-content\/uploads\/2022\/04\/Sans-titre-768x644.png 768w, https:\/\/www.e-documentations.com\/www\/wp-content\/uploads\/2022\/04\/Sans-titre-250x210.png 250w, https:\/\/www.e-documentations.com\/www\/wp-content\/uploads\/2022\/04\/Sans-titre-350x293.png 350w, https:\/\/www.e-documentations.com\/www\/wp-content\/uploads\/2022\/04\/Sans-titre.png 940w\" sizes=\"(max-width: 300px) 100vw, 300px\" \/>Le set de base pour p\u00e2tisser facilement<\/p>\n<p>Plateau multidouille compos\u00e9 de 5 douilles cannel\u00e9es en ext\u00e9rieur et 1 douille cannel\u00e9e centrale<\/p>\n<p>Douille de p\u00e2tisserie innovante, set incluant une douille de raccordement et 1 boitier pour plateau multidouille interchangeable et 4 plateaux au choix<\/p>\n<p align=\"CENTER\"><span style=\"color: #5e5d5d;\"><span style=\"font-family: Poppins, sans-serif;\"><span style=\"font-size: medium;\">En une seule pression sur la poche \u00e0 douille, garnissez et r\u00e9alisez des d\u00e9cors vari\u00e9s plus facilement, avec votre cr\u00e8me pr\u00e9f\u00e9r\u00e9e.\u00a0<\/span><\/span><\/span><\/p>\n<p align=\"CENTER\"><span style=\"color: #5e5d5d;\"><span style=\"font-family: Poppins, sans-serif;\"><span style=\"font-size: medium;\">Gain de temps et r\u00e9gularit\u00e9 assur\u00e9e.<\/span><\/span><\/span><\/p>\n<p>Le changement de cake design est rapide, directement sur la poche garnie.\u00a0Changez de plateau de douilles sans changer de poche<\/p>\n<p>La transparence permet de v\u00e9rifier la pr\u00e9sence de bulles d&rsquo;air. Les multidouilles sont utilisables sur poches nylon et sur poches jetables<\/p>\n<p>R\u00e9alisez des designs originaux bicolores : En p\u00e2tisserie : macaron, mousse aux fruits, cr\u00e8me p\u00e2tissi\u00e8re, chantilly, mousse chocolat,<\/p>\n","protected":false},"excerpt":{"rendered":"<p>Le set de base pour p\u00e2tisser facilement Plateau multidouille compos\u00e9 de 5 douilles cannel\u00e9es en ext\u00e9rieur et 1 douille cannel\u00e9e centrale Douille de p\u00e2tisserie innovante, set incluant une douille de raccordement et 1 boitier pour plateau multidouille interchangeable et 4 plateaux au choix En une seule pression sur la poche \u00e0 douille, garnissez et r\u00e9alisez &hellip; <\/p>\n<p class=\"link-more\"><a href=\"https:\/\/www.e-documentations.com\/www\/produit\/set-de-base-multidouille\/\" class=\"more-link\">Continuer la lecture<span class=\"screen-reader-text\"> de &laquo;&nbsp;Set avec 1 Plateau Multidouille au choix&nbsp;&raquo;<\/span><\/a><\/p>\n","protected":false},"featured_media":3127,"template":"","meta":[],"product_cat":[26],"product_tag":[],"class_list":["post-2117","product","type-product","status-publish","has-post-thumbnail","hentry","product_cat-multidouille"],"yoast_head":"<!-- This site is optimized with the Yoast SEO plugin v21.5 - https:\/\/yoast.com\/wordpress\/plugins\/seo\/ -->\n<title>douille de p\u00e2tisserie innovante<\/title>\n<meta name=\"description\" content=\"Plateau multidouille compos\u00e9 de 5 douilles cannel\u00e9es en ext\u00e9rieur et 1 douille cannel\u00e9e centrale + douille de raccordement et boitier - poche \u00e0 douille\" \/>\n<meta name=\"robots\" content=\"index, follow, max-snippet:-1, max-image-preview:large, max-video-preview:-1\" \/>\n<link rel=\"canonical\" href=\"https:\/\/www.e-documentations.com\/www\/produit\/set-de-base-multidouille\/\" \/>\n<meta property=\"og:locale\" content=\"fr_FR\" \/>\n<meta property=\"og:type\" content=\"article\" \/>\n<meta property=\"og:title\" content=\"douille de p\u00e2tisserie innovante\" \/>\n<meta property=\"og:description\" content=\"Plateau multidouille compos\u00e9 de 5 douilles cannel\u00e9es en ext\u00e9rieur et 1 douille cannel\u00e9e centrale + douille de raccordement et boitier - poche \u00e0 douille\" \/>\n<meta property=\"og:url\" content=\"https:\/\/www.e-documentations.com\/www\/produit\/set-de-base-multidouille\/\" \/>\n<meta property=\"article:publisher\" content=\"https:\/\/www.facebook.com\/Multidouille\/\" \/>\n<meta property=\"article:modified_time\" content=\"2023-05-25T14:56:43+00:00\" \/>\n<meta property=\"og:image\" content=\"https:\/\/www.e-documentations.com\/www\/wp-content\/uploads\/2022\/03\/set-de-bas-eclate.jpg\" \/>\n\t<meta property=\"og:image:width\" content=\"2000\" \/>\n\t<meta property=\"og:image:height\" content=\"2000\" \/>\n\t<meta property=\"og:image:type\" content=\"image\/jpeg\" \/>\n<meta name=\"twitter:card\" content=\"summary_large_image\" \/>\n<meta name=\"twitter:label1\" content=\"Dur\u00e9e de lecture estim\u00e9e\" \/>\n\t<meta name=\"twitter:data1\" content=\"1 minute\" \/>\n<script type=\"application\/ld+json\" class=\"yoast-schema-graph\">{\"@context\":\"https:\/\/schema.org\",\"@graph\":[{\"@type\":\"WebPage\",\"@id\":\"https:\/\/www.e-documentations.com\/www\/produit\/set-de-base-multidouille\/\",\"url\":\"https:\/\/www.e-documentations.com\/www\/produit\/set-de-base-multidouille\/\",\"name\":\"douille de p\u00e2tisserie innovante\",\"isPartOf\":{\"@id\":\"https:\/\/www.e-documentations.com\/www\/#website\"},\"datePublished\":\"2021-08-30T18:53:02+00:00\",\"dateModified\":\"2023-05-25T14:56:43+00:00\",\"description\":\"Plateau multidouille compos\u00e9 de 5 douilles cannel\u00e9es en ext\u00e9rieur et 1 douille cannel\u00e9e centrale + douille de raccordement et boitier - poche \u00e0 douille\",\"breadcrumb\":{\"@id\":\"https:\/\/www.e-documentations.com\/www\/produit\/set-de-base-multidouille\/#breadcrumb\"},\"inLanguage\":\"fr-FR\",\"potentialAction\":[{\"@type\":\"ReadAction\",\"target\":[\"https:\/\/www.e-documentations.com\/www\/produit\/set-de-base-multidouille\/\"]}]},{\"@type\":\"BreadcrumbList\",\"@id\":\"https:\/\/www.e-documentations.com\/www\/produit\/set-de-base-multidouille\/#breadcrumb\",\"itemListElement\":[{\"@type\":\"ListItem\",\"position\":1,\"name\":\"Accueil\",\"item\":\"https:\/\/www.e-documentations.com\/www\/\"},{\"@type\":\"ListItem\",\"position\":2,\"name\":\"Produits\",\"item\":\"https:\/\/www.e-documentations.com\/www\/shop\/\"},{\"@type\":\"ListItem\",\"position\":3,\"name\":\"Set avec 1 Plateau Multidouille au choix\"}]},{\"@type\":\"WebSite\",\"@id\":\"https:\/\/www.e-documentations.com\/www\/#website\",\"url\":\"https:\/\/www.e-documentations.com\/www\/\",\"name\":\"\",\"description\":\"\",\"publisher\":{\"@id\":\"https:\/\/www.e-documentations.com\/www\/#organization\"},\"potentialAction\":[{\"@type\":\"SearchAction\",\"target\":{\"@type\":\"EntryPoint\",\"urlTemplate\":\"https:\/\/www.e-documentations.com\/www\/?s={search_term_string}\"},\"query-input\":\"required name=search_term_string\"}],\"inLanguage\":\"fr-FR\"},{\"@type\":\"Organization\",\"@id\":\"https:\/\/www.e-documentations.com\/www\/#organization\",\"name\":\"Multidouille by Chefinov\",\"url\":\"https:\/\/www.e-documentations.com\/www\/\",\"logo\":{\"@type\":\"ImageObject\",\"inLanguage\":\"fr-FR\",\"@id\":\"https:\/\/www.e-documentations.com\/www\/#\/schema\/logo\/image\/\",\"url\":\"https:\/\/www.e-documentations.com\/www\/wp-content\/uploads\/2021\/04\/cropped-cropped-logo-qrcode-1.jpg\",\"contentUrl\":\"https:\/\/www.e-documentations.com\/www\/wp-content\/uploads\/2021\/04\/cropped-cropped-logo-qrcode-1.jpg\",\"width\":389,\"height\":216,\"caption\":\"Multidouille by Chefinov\"},\"image\":{\"@id\":\"https:\/\/www.e-documentations.com\/www\/#\/schema\/logo\/image\/\"},\"sameAs\":[\"https:\/\/www.facebook.com\/Multidouille\/\"]}]}<\/script>\n<!-- \/ Yoast SEO plugin. -->","yoast_head_json":{"title":"douille de p\u00e2tisserie innovante","description":"Plateau multidouille compos\u00e9 de 5 douilles cannel\u00e9es en ext\u00e9rieur et 1 douille cannel\u00e9e centrale + douille de raccordement et boitier - poche \u00e0 douille","robots":{"index":"index","follow":"follow","max-snippet":"max-snippet:-1","max-image-preview":"max-image-preview:large","max-video-preview":"max-video-preview:-1"},"canonical":"https:\/\/www.e-documentations.com\/www\/produit\/set-de-base-multidouille\/","og_locale":"fr_FR","og_type":"article","og_title":"douille de p\u00e2tisserie innovante","og_description":"Plateau multidouille compos\u00e9 de 5 douilles cannel\u00e9es en ext\u00e9rieur et 1 douille cannel\u00e9e centrale + douille de raccordement et boitier - poche \u00e0 douille","og_url":"https:\/\/www.e-documentations.com\/www\/produit\/set-de-base-multidouille\/","article_publisher":"https:\/\/www.facebook.com\/Multidouille\/","article_modified_time":"2023-05-25T14:56:43+00:00","og_image":[{"width":2000,"height":2000,"url":"https:\/\/www.e-documentations.com\/www\/wp-content\/uploads\/2022\/03\/set-de-bas-eclate.jpg","type":"image\/jpeg"}],"twitter_card":"summary_large_image","twitter_misc":{"Dur\u00e9e de lecture estim\u00e9e":"1 minute"},"schema":{"@context":"https:\/\/schema.org","@graph":[{"@type":"WebPage","@id":"https:\/\/www.e-documentations.com\/www\/produit\/set-de-base-multidouille\/","url":"https:\/\/www.e-documentations.com\/www\/produit\/set-de-base-multidouille\/","name":"douille de p\u00e2tisserie innovante","isPartOf":{"@id":"https:\/\/www.e-documentations.com\/www\/#website"},"datePublished":"2021-08-30T18:53:02+00:00","dateModified":"2023-05-25T14:56:43+00:00","description":"Plateau multidouille compos\u00e9 de 5 douilles cannel\u00e9es en ext\u00e9rieur et 1 douille cannel\u00e9e centrale + douille de raccordement et boitier - poche \u00e0 douille","breadcrumb":{"@id":"https:\/\/www.e-documentations.com\/www\/produit\/set-de-base-multidouille\/#breadcrumb"},"inLanguage":"fr-FR","potentialAction":[{"@type":"ReadAction","target":["https:\/\/www.e-documentations.com\/www\/produit\/set-de-base-multidouille\/"]}]},{"@type":"BreadcrumbList","@id":"https:\/\/www.e-documentations.com\/www\/produit\/set-de-base-multidouille\/#breadcrumb","itemListElement":[{"@type":"ListItem","position":1,"name":"Accueil","item":"https:\/\/www.e-documentations.com\/www\/"},{"@type":"ListItem","position":2,"name":"Produits","item":"https:\/\/www.e-documentations.com\/www\/shop\/"},{"@type":"ListItem","position":3,"name":"Set avec 1 Plateau Multidouille au choix"}]},{"@type":"WebSite","@id":"https:\/\/www.e-documentations.com\/www\/#website","url":"https:\/\/www.e-documentations.com\/www\/","name":"","description":"","publisher":{"@id":"https:\/\/www.e-documentations.com\/www\/#organization"},"potentialAction":[{"@type":"SearchAction","target":{"@type":"EntryPoint","urlTemplate":"https:\/\/www.e-documentations.com\/www\/?s={search_term_string}"},"query-input":"required name=search_term_string"}],"inLanguage":"fr-FR"},{"@type":"Organization","@id":"https:\/\/www.e-documentations.com\/www\/#organization","name":"Multidouille by Chefinov","url":"https:\/\/www.e-documentations.com\/www\/","logo":{"@type":"ImageObject","inLanguage":"fr-FR","@id":"https:\/\/www.e-documentations.com\/www\/#\/schema\/logo\/image\/","url":"https:\/\/www.e-documentations.com\/www\/wp-content\/uploads\/2021\/04\/cropped-cropped-logo-qrcode-1.jpg","contentUrl":"https:\/\/www.e-documentations.com\/www\/wp-content\/uploads\/2021\/04\/cropped-cropped-logo-qrcode-1.jpg","width":389,"height":216,"caption":"Multidouille by Chefinov"},"image":{"@id":"https:\/\/www.e-documentations.com\/www\/#\/schema\/logo\/image\/"},"sameAs":["https:\/\/www.facebook.com\/Multidouille\/"]}]}},"_links":{"self":[{"href":"https:\/\/www.e-documentations.com\/www\/wp-json\/wp\/v2\/product\/2117","targetHints":{"allow":["GET"]}}],"collection":[{"href":"https:\/\/www.e-documentations.com\/www\/wp-json\/wp\/v2\/product"}],"about":[{"href":"https:\/\/www.e-documentations.com\/www\/wp-json\/wp\/v2\/types\/product"}],"wp:featuredmedia":[{"embeddable":true,"href":"https:\/\/www.e-documentations.com\/www\/wp-json\/wp\/v2\/media\/3127"}],"wp:attachment":[{"href":"https:\/\/www.e-documentations.com\/www\/wp-json\/wp\/v2\/media?parent=2117"}],"wp:term":[{"taxonomy":"product_cat","embeddable":true,"href":"https:\/\/www.e-documentations.com\/www\/wp-json\/wp\/v2\/product_cat?post=2117"},{"taxonomy":"product_tag","embeddable":true,"href":"https:\/\/www.e-documentations.com\/www\/wp-json\/wp\/v2\/product_tag?post=2117"}],"curies":[{"name":"wp","href":"https:\/\/api.w.org\/{rel}","templated":true}]}}