{"id":2157,"date":"2021-08-31T20:54:05","date_gmt":"2021-08-31T18:54:05","guid":{"rendered":"https:\/\/www.chefinov.com\/multiden2\/?post_type=product&#038;p=2157"},"modified":"2023-05-25T15:28:10","modified_gmt":"2023-05-25T13:28:10","slug":"multidouille-douille-unie-et-cannelee-jade","status":"publish","type":"product","link":"https:\/\/www.e-documentations.com\/www\/produit\/multidouille-douille-unie-et-cannelee-jade\/","title":{"rendered":"Plateau JADE"},"content":{"rendered":"<div style=\"width: 525px;\" class=\"wp-video\"><video class=\"wp-video-shortcode\" id=\"video-2157-1\" width=\"525\" height=\"295\" preload=\"metadata\" controls=\"controls\"><source type=\"video\/mp4\" src=\"https:\/\/www.e-documentations.com\/www\/wp-content\/uploads\/2021\/08\/Multidouille-Jade.mp4?_=1\" \/><a href=\"https:\/\/www.e-documentations.com\/www\/wp-content\/uploads\/2021\/08\/Multidouille-Jade.mp4\">https:\/\/www.e-documentations.com\/www\/wp-content\/uploads\/2021\/08\/Multidouille-Jade.mp4<\/a><\/video><\/div>\n<p>Le Plateau multidouille Jade est compos\u00e9 de 5 douilles unies en ext\u00e9rieur et 1 douille cannel\u00e9e centrale<\/p>\n<p align=\"CENTER\"><span style=\"color: #5e5d5d;\"><span style=\"font-family: Poppins, sans-serif;\"><span style=\"font-size: medium;\">En une seule pression sur la poche \u00e0 douille, garnissez et r\u00e9alisez des d\u00e9cors vari\u00e9s plus facilement, avec votre cr\u00e8me pr\u00e9f\u00e9r\u00e9e.\u00a0<\/span><\/span><\/span><\/p>\n<p align=\"CENTER\"><span style=\"color: #5e5d5d;\"><span style=\"font-family: Poppins, sans-serif;\"><span style=\"font-size: medium;\">Gain de temps et r\u00e9gularit\u00e9 assur\u00e9e.<\/span><\/span><\/span><\/p>\n<p>douille p\u00e2tisserie innovante<br \/>\ndouille p\u00e2tisserie interchangeable<\/p>\n<p>Le changement de cake design est rapide, directement sur la poche garnie.\u00a0Changez de plateau de douilles sans changer de poche<\/p>\n<p>La transparence permet de v\u00e9rifier la pr\u00e9sence de bulles d&rsquo;air. Les multidouille sont utilisable sur poches nylon et sur poches jetables<\/p>\n<p>R\u00e9alisez des designs originaux bicolores : En p\u00e2tisserie : macaron, mousse aux fruits, cr\u00e8me p\u00e2tissi\u00e8re, chantilly, mousse chocolat,<\/p>\n","protected":false},"excerpt":{"rendered":"[video width=\"1920\" height=\"1080\" mp4=\"https:\/\/www.e-documentations.com\/www\/wp-content\/uploads\/2021\/08\/Multidouille-Jade.mp4\"][\/video]\n<p align=\"CENTER\"><span style=\"color: #5e5d5d;\"><span style=\"font-family: Poppins, sans-serif;\"><span style=\"font-size: medium;\">En une seule pression sur la poche \u00e0 douille, garnissez et r\u00e9alisez des d\u00e9cors vari\u00e9s plus facilement, avec votre cr\u00e8me pr\u00e9f\u00e9r\u00e9e.\u00a0<\/span><\/span><\/span><\/p>\n<p align=\"CENTER\"><span style=\"color: #5e5d5d;\"><span style=\"font-family: Poppins, sans-serif;\"><span style=\"font-size: medium;\">Gain de temps et r\u00e9gularit\u00e9 assur\u00e9e.<\/span><\/span><\/span><\/p>\n<p>&nbsp;<\/p>\n<p>Le changement de cake design est rapide, directement sur la poche garnie.\u00a0Changez de plateau de douilles sans changer de poche<\/p>\n<p>La transparence permet de v\u00e9rifier la pr\u00e9sence de bulles d&rsquo;air. Les multidouille sont utilisable sur poches nylon et sur poches jetables<\/p>\n<p>R\u00e9alisez des designs originaux bicolores : En p\u00e2tisserie : macaron, mousse aux fruits, cr\u00e8me p\u00e2tissi\u00e8re, chantilly, mousse chocolat,<\/p>\n","protected":false},"featured_media":1847,"template":"","meta":[],"product_cat":[27],"product_tag":[],"class_list":["post-2157","product","type-product","status-publish","has-post-thumbnail","hentry","product_cat-plateaux"],"yoast_head":"<!-- This site is optimized with the Yoast SEO plugin v21.5 - https:\/\/yoast.com\/wordpress\/plugins\/seo\/ -->\n<title>douille innovante pour poche \u00e0 douille<\/title>\n<meta name=\"description\" content=\"En une seule pression sur la poche \u00e0 douille, garnissez et r\u00e9alisez des d\u00e9cors vari\u00e9s plus facilement, avec votre cr\u00e8me pr\u00e9f\u00e9r\u00e9e.\u00a0Gain de temps et r\u00e9gularit\u00e9 assur\u00e9e.\" \/>\n<meta name=\"robots\" content=\"index, follow, max-snippet:-1, max-image-preview:large, max-video-preview:-1\" \/>\n<link rel=\"canonical\" href=\"https:\/\/www.e-documentations.com\/www\/produit\/multidouille-douille-unie-et-cannelee-jade\/\" \/>\n<meta property=\"og:locale\" content=\"fr_FR\" \/>\n<meta property=\"og:type\" content=\"article\" \/>\n<meta property=\"og:title\" content=\"douille innovante pour poche \u00e0 douille\" \/>\n<meta property=\"og:description\" content=\"En une seule pression sur la poche \u00e0 douille, garnissez et r\u00e9alisez des d\u00e9cors vari\u00e9s plus facilement, avec votre cr\u00e8me pr\u00e9f\u00e9r\u00e9e.\u00a0Gain de temps et r\u00e9gularit\u00e9 assur\u00e9e.\" \/>\n<meta property=\"og:url\" content=\"https:\/\/www.e-documentations.com\/www\/produit\/multidouille-douille-unie-et-cannelee-jade\/\" \/>\n<meta property=\"article:publisher\" content=\"https:\/\/www.facebook.com\/Multidouille\/\" \/>\n<meta property=\"article:modified_time\" content=\"2023-05-25T13:28:10+00:00\" \/>\n<meta property=\"og:image\" content=\"https:\/\/www.e-documentations.com\/www\/wp-content\/uploads\/2021\/04\/5-1c.jpg\" \/>\n\t<meta property=\"og:image:width\" content=\"608\" \/>\n\t<meta property=\"og:image:height\" content=\"608\" \/>\n\t<meta property=\"og:image:type\" content=\"image\/jpeg\" \/>\n<meta name=\"twitter:card\" content=\"summary_large_image\" \/>\n<meta name=\"twitter:label1\" content=\"Dur\u00e9e de lecture estim\u00e9e\" \/>\n\t<meta name=\"twitter:data1\" content=\"1 minute\" \/>\n<script type=\"application\/ld+json\" class=\"yoast-schema-graph\">{\"@context\":\"https:\/\/schema.org\",\"@graph\":[{\"@type\":\"WebPage\",\"@id\":\"https:\/\/www.e-documentations.com\/www\/produit\/multidouille-douille-unie-et-cannelee-jade\/\",\"url\":\"https:\/\/www.e-documentations.com\/www\/produit\/multidouille-douille-unie-et-cannelee-jade\/\",\"name\":\"douille innovante pour poche \u00e0 douille\",\"isPartOf\":{\"@id\":\"https:\/\/www.e-documentations.com\/www\/#website\"},\"datePublished\":\"2021-08-31T18:54:05+00:00\",\"dateModified\":\"2023-05-25T13:28:10+00:00\",\"description\":\"En une seule pression sur la poche \u00e0 douille, garnissez et r\u00e9alisez des d\u00e9cors vari\u00e9s plus facilement, avec votre cr\u00e8me pr\u00e9f\u00e9r\u00e9e.\u00a0Gain de temps et r\u00e9gularit\u00e9 assur\u00e9e.\",\"breadcrumb\":{\"@id\":\"https:\/\/www.e-documentations.com\/www\/produit\/multidouille-douille-unie-et-cannelee-jade\/#breadcrumb\"},\"inLanguage\":\"fr-FR\",\"potentialAction\":[{\"@type\":\"ReadAction\",\"target\":[\"https:\/\/www.e-documentations.com\/www\/produit\/multidouille-douille-unie-et-cannelee-jade\/\"]}]},{\"@type\":\"BreadcrumbList\",\"@id\":\"https:\/\/www.e-documentations.com\/www\/produit\/multidouille-douille-unie-et-cannelee-jade\/#breadcrumb\",\"itemListElement\":[{\"@type\":\"ListItem\",\"position\":1,\"name\":\"Accueil\",\"item\":\"https:\/\/www.e-documentations.com\/www\/\"},{\"@type\":\"ListItem\",\"position\":2,\"name\":\"Produits\",\"item\":\"https:\/\/www.e-documentations.com\/www\/shop\/\"},{\"@type\":\"ListItem\",\"position\":3,\"name\":\"Plateau JADE\"}]},{\"@type\":\"WebSite\",\"@id\":\"https:\/\/www.e-documentations.com\/www\/#website\",\"url\":\"https:\/\/www.e-documentations.com\/www\/\",\"name\":\"\",\"description\":\"\",\"publisher\":{\"@id\":\"https:\/\/www.e-documentations.com\/www\/#organization\"},\"potentialAction\":[{\"@type\":\"SearchAction\",\"target\":{\"@type\":\"EntryPoint\",\"urlTemplate\":\"https:\/\/www.e-documentations.com\/www\/?s={search_term_string}\"},\"query-input\":\"required name=search_term_string\"}],\"inLanguage\":\"fr-FR\"},{\"@type\":\"Organization\",\"@id\":\"https:\/\/www.e-documentations.com\/www\/#organization\",\"name\":\"Multidouille by Chefinov\",\"url\":\"https:\/\/www.e-documentations.com\/www\/\",\"logo\":{\"@type\":\"ImageObject\",\"inLanguage\":\"fr-FR\",\"@id\":\"https:\/\/www.e-documentations.com\/www\/#\/schema\/logo\/image\/\",\"url\":\"https:\/\/www.e-documentations.com\/www\/wp-content\/uploads\/2021\/04\/cropped-cropped-logo-qrcode-1.jpg\",\"contentUrl\":\"https:\/\/www.e-documentations.com\/www\/wp-content\/uploads\/2021\/04\/cropped-cropped-logo-qrcode-1.jpg\",\"width\":389,\"height\":216,\"caption\":\"Multidouille by Chefinov\"},\"image\":{\"@id\":\"https:\/\/www.e-documentations.com\/www\/#\/schema\/logo\/image\/\"},\"sameAs\":[\"https:\/\/www.facebook.com\/Multidouille\/\"]}]}<\/script>\n<!-- \/ Yoast SEO plugin. -->","yoast_head_json":{"title":"douille innovante pour poche \u00e0 douille","description":"En une seule pression sur la poche \u00e0 douille, garnissez et r\u00e9alisez des d\u00e9cors vari\u00e9s plus facilement, avec votre cr\u00e8me pr\u00e9f\u00e9r\u00e9e.\u00a0Gain de temps et r\u00e9gularit\u00e9 assur\u00e9e.","robots":{"index":"index","follow":"follow","max-snippet":"max-snippet:-1","max-image-preview":"max-image-preview:large","max-video-preview":"max-video-preview:-1"},"canonical":"https:\/\/www.e-documentations.com\/www\/produit\/multidouille-douille-unie-et-cannelee-jade\/","og_locale":"fr_FR","og_type":"article","og_title":"douille innovante pour poche \u00e0 douille","og_description":"En une seule pression sur la poche \u00e0 douille, garnissez et r\u00e9alisez des d\u00e9cors vari\u00e9s plus facilement, avec votre cr\u00e8me pr\u00e9f\u00e9r\u00e9e.\u00a0Gain de temps et r\u00e9gularit\u00e9 assur\u00e9e.","og_url":"https:\/\/www.e-documentations.com\/www\/produit\/multidouille-douille-unie-et-cannelee-jade\/","article_publisher":"https:\/\/www.facebook.com\/Multidouille\/","article_modified_time":"2023-05-25T13:28:10+00:00","og_image":[{"width":608,"height":608,"url":"https:\/\/www.e-documentations.com\/www\/wp-content\/uploads\/2021\/04\/5-1c.jpg","type":"image\/jpeg"}],"twitter_card":"summary_large_image","twitter_misc":{"Dur\u00e9e de lecture estim\u00e9e":"1 minute"},"schema":{"@context":"https:\/\/schema.org","@graph":[{"@type":"WebPage","@id":"https:\/\/www.e-documentations.com\/www\/produit\/multidouille-douille-unie-et-cannelee-jade\/","url":"https:\/\/www.e-documentations.com\/www\/produit\/multidouille-douille-unie-et-cannelee-jade\/","name":"douille innovante pour poche \u00e0 douille","isPartOf":{"@id":"https:\/\/www.e-documentations.com\/www\/#website"},"datePublished":"2021-08-31T18:54:05+00:00","dateModified":"2023-05-25T13:28:10+00:00","description":"En une seule pression sur la poche \u00e0 douille, garnissez et r\u00e9alisez des d\u00e9cors vari\u00e9s plus facilement, avec votre cr\u00e8me pr\u00e9f\u00e9r\u00e9e.\u00a0Gain de temps et r\u00e9gularit\u00e9 assur\u00e9e.","breadcrumb":{"@id":"https:\/\/www.e-documentations.com\/www\/produit\/multidouille-douille-unie-et-cannelee-jade\/#breadcrumb"},"inLanguage":"fr-FR","potentialAction":[{"@type":"ReadAction","target":["https:\/\/www.e-documentations.com\/www\/produit\/multidouille-douille-unie-et-cannelee-jade\/"]}]},{"@type":"BreadcrumbList","@id":"https:\/\/www.e-documentations.com\/www\/produit\/multidouille-douille-unie-et-cannelee-jade\/#breadcrumb","itemListElement":[{"@type":"ListItem","position":1,"name":"Accueil","item":"https:\/\/www.e-documentations.com\/www\/"},{"@type":"ListItem","position":2,"name":"Produits","item":"https:\/\/www.e-documentations.com\/www\/shop\/"},{"@type":"ListItem","position":3,"name":"Plateau JADE"}]},{"@type":"WebSite","@id":"https:\/\/www.e-documentations.com\/www\/#website","url":"https:\/\/www.e-documentations.com\/www\/","name":"","description":"","publisher":{"@id":"https:\/\/www.e-documentations.com\/www\/#organization"},"potentialAction":[{"@type":"SearchAction","target":{"@type":"EntryPoint","urlTemplate":"https:\/\/www.e-documentations.com\/www\/?s={search_term_string}"},"query-input":"required name=search_term_string"}],"inLanguage":"fr-FR"},{"@type":"Organization","@id":"https:\/\/www.e-documentations.com\/www\/#organization","name":"Multidouille by Chefinov","url":"https:\/\/www.e-documentations.com\/www\/","logo":{"@type":"ImageObject","inLanguage":"fr-FR","@id":"https:\/\/www.e-documentations.com\/www\/#\/schema\/logo\/image\/","url":"https:\/\/www.e-documentations.com\/www\/wp-content\/uploads\/2021\/04\/cropped-cropped-logo-qrcode-1.jpg","contentUrl":"https:\/\/www.e-documentations.com\/www\/wp-content\/uploads\/2021\/04\/cropped-cropped-logo-qrcode-1.jpg","width":389,"height":216,"caption":"Multidouille by Chefinov"},"image":{"@id":"https:\/\/www.e-documentations.com\/www\/#\/schema\/logo\/image\/"},"sameAs":["https:\/\/www.facebook.com\/Multidouille\/"]}]}},"_links":{"self":[{"href":"https:\/\/www.e-documentations.com\/www\/wp-json\/wp\/v2\/product\/2157","targetHints":{"allow":["GET"]}}],"collection":[{"href":"https:\/\/www.e-documentations.com\/www\/wp-json\/wp\/v2\/product"}],"about":[{"href":"https:\/\/www.e-documentations.com\/www\/wp-json\/wp\/v2\/types\/product"}],"wp:featuredmedia":[{"embeddable":true,"href":"https:\/\/www.e-documentations.com\/www\/wp-json\/wp\/v2\/media\/1847"}],"wp:attachment":[{"href":"https:\/\/www.e-documentations.com\/www\/wp-json\/wp\/v2\/media?parent=2157"}],"wp:term":[{"taxonomy":"product_cat","embeddable":true,"href":"https:\/\/www.e-documentations.com\/www\/wp-json\/wp\/v2\/product_cat?post=2157"},{"taxonomy":"product_tag","embeddable":true,"href":"https:\/\/www.e-documentations.com\/www\/wp-json\/wp\/v2\/product_tag?post=2157"}],"curies":[{"name":"wp","href":"https:\/\/api.w.org\/{rel}","templated":true}]}}