{"id":2251,"date":"2021-09-04T11:22:49","date_gmt":"2021-09-04T09:22:49","guid":{"rendered":"https:\/\/www.chefinov.com\/multiden2\/?post_type=product&#038;p=2251"},"modified":"2023-05-25T15:25:33","modified_gmt":"2023-05-25T13:25:33","slug":"multidouille-ruby-douille-patisserie","status":"publish","type":"product","link":"https:\/\/www.e-documentations.com\/www\/produit\/multidouille-ruby-douille-patisserie\/","title":{"rendered":"Plateau RUBIS"},"content":{"rendered":"<div style=\"width: 525px;\" class=\"wp-video\"><video class=\"wp-video-shortcode\" id=\"video-2251-1\" width=\"525\" height=\"295\" preload=\"metadata\" controls=\"controls\"><source type=\"video\/mp4\" src=\"https:\/\/www.e-documentations.com\/www\/wp-content\/uploads\/2021\/09\/RubisMulticolors.mp4?_=1\" \/><a href=\"https:\/\/www.e-documentations.com\/www\/wp-content\/uploads\/2021\/09\/RubisMulticolors.mp4\">https:\/\/www.e-documentations.com\/www\/wp-content\/uploads\/2021\/09\/RubisMulticolors.mp4<\/a><\/video><\/div>\n","protected":false},"excerpt":{"rendered":"[video width=\"1920\" height=\"1080\" mp4=\"https:\/\/www.e-documentations.com\/www\/wp-content\/uploads\/2021\/12\/rubis....mp4\"][\/video]\n","protected":false},"featured_media":1848,"template":"","meta":[],"product_cat":[27],"product_tag":[],"class_list":["post-2251","product","type-product","status-publish","has-post-thumbnail","hentry","product_cat-plateaux"],"yoast_head":"<!-- This site is optimized with the Yoast SEO plugin v21.5 - https:\/\/yoast.com\/wordpress\/plugins\/seo\/ -->\n<title>douille p\u00e2tisserie cannel\u00e9e innovante<\/title>\n<meta name=\"description\" content=\"En une seule pression sur la poche \u00e0 douille, garnissez et r\u00e9alisez des d\u00e9cors vari\u00e9s plus facilement, avec votre cr\u00e8me pr\u00e9f\u00e9r\u00e9e.\u00a0Gain de temps et r\u00e9gularit\u00e9 assur\u00e9e.\" \/>\n<meta name=\"robots\" content=\"index, follow, max-snippet:-1, max-image-preview:large, max-video-preview:-1\" \/>\n<link rel=\"canonical\" href=\"https:\/\/www.e-documentations.com\/www\/produit\/multidouille-ruby-douille-patisserie\/\" \/>\n<meta property=\"og:locale\" content=\"fr_FR\" \/>\n<meta property=\"og:type\" content=\"article\" \/>\n<meta property=\"og:title\" content=\"douille p\u00e2tisserie cannel\u00e9e innovante\" \/>\n<meta property=\"og:description\" content=\"En une seule pression sur la poche \u00e0 douille, garnissez et r\u00e9alisez des d\u00e9cors vari\u00e9s plus facilement, avec votre cr\u00e8me pr\u00e9f\u00e9r\u00e9e.\u00a0Gain de temps et r\u00e9gularit\u00e9 assur\u00e9e.\" \/>\n<meta property=\"og:url\" content=\"https:\/\/www.e-documentations.com\/www\/produit\/multidouille-ruby-douille-patisserie\/\" \/>\n<meta property=\"article:publisher\" content=\"https:\/\/www.facebook.com\/Multidouille\/\" \/>\n<meta property=\"article:modified_time\" content=\"2023-05-25T13:25:33+00:00\" \/>\n<meta property=\"og:image\" content=\"https:\/\/www.e-documentations.com\/www\/wp-content\/uploads\/2021\/04\/7c.jpg\" \/>\n\t<meta property=\"og:image:width\" content=\"608\" \/>\n\t<meta property=\"og:image:height\" content=\"608\" \/>\n\t<meta property=\"og:image:type\" content=\"image\/jpeg\" \/>\n<meta name=\"twitter:card\" content=\"summary_large_image\" \/>\n<meta name=\"twitter:label1\" content=\"Dur\u00e9e de lecture estim\u00e9e\" \/>\n\t<meta name=\"twitter:data1\" content=\"1 minute\" \/>\n<script type=\"application\/ld+json\" class=\"yoast-schema-graph\">{\"@context\":\"https:\/\/schema.org\",\"@graph\":[{\"@type\":\"WebPage\",\"@id\":\"https:\/\/www.e-documentations.com\/www\/produit\/multidouille-ruby-douille-patisserie\/\",\"url\":\"https:\/\/www.e-documentations.com\/www\/produit\/multidouille-ruby-douille-patisserie\/\",\"name\":\"douille p\u00e2tisserie cannel\u00e9e innovante\",\"isPartOf\":{\"@id\":\"https:\/\/www.e-documentations.com\/www\/#website\"},\"datePublished\":\"2021-09-04T09:22:49+00:00\",\"dateModified\":\"2023-05-25T13:25:33+00:00\",\"description\":\"En une seule pression sur la poche \u00e0 douille, garnissez et r\u00e9alisez des d\u00e9cors vari\u00e9s plus facilement, avec votre cr\u00e8me pr\u00e9f\u00e9r\u00e9e.\u00a0Gain de temps et r\u00e9gularit\u00e9 assur\u00e9e.\",\"breadcrumb\":{\"@id\":\"https:\/\/www.e-documentations.com\/www\/produit\/multidouille-ruby-douille-patisserie\/#breadcrumb\"},\"inLanguage\":\"fr-FR\",\"potentialAction\":[{\"@type\":\"ReadAction\",\"target\":[\"https:\/\/www.e-documentations.com\/www\/produit\/multidouille-ruby-douille-patisserie\/\"]}]},{\"@type\":\"BreadcrumbList\",\"@id\":\"https:\/\/www.e-documentations.com\/www\/produit\/multidouille-ruby-douille-patisserie\/#breadcrumb\",\"itemListElement\":[{\"@type\":\"ListItem\",\"position\":1,\"name\":\"Accueil\",\"item\":\"https:\/\/www.e-documentations.com\/www\/\"},{\"@type\":\"ListItem\",\"position\":2,\"name\":\"Produits\",\"item\":\"https:\/\/www.e-documentations.com\/www\/shop\/\"},{\"@type\":\"ListItem\",\"position\":3,\"name\":\"Plateau RUBIS\"}]},{\"@type\":\"WebSite\",\"@id\":\"https:\/\/www.e-documentations.com\/www\/#website\",\"url\":\"https:\/\/www.e-documentations.com\/www\/\",\"name\":\"\",\"description\":\"\",\"publisher\":{\"@id\":\"https:\/\/www.e-documentations.com\/www\/#organization\"},\"potentialAction\":[{\"@type\":\"SearchAction\",\"target\":{\"@type\":\"EntryPoint\",\"urlTemplate\":\"https:\/\/www.e-documentations.com\/www\/?s={search_term_string}\"},\"query-input\":\"required name=search_term_string\"}],\"inLanguage\":\"fr-FR\"},{\"@type\":\"Organization\",\"@id\":\"https:\/\/www.e-documentations.com\/www\/#organization\",\"name\":\"Multidouille by Chefinov\",\"url\":\"https:\/\/www.e-documentations.com\/www\/\",\"logo\":{\"@type\":\"ImageObject\",\"inLanguage\":\"fr-FR\",\"@id\":\"https:\/\/www.e-documentations.com\/www\/#\/schema\/logo\/image\/\",\"url\":\"https:\/\/www.e-documentations.com\/www\/wp-content\/uploads\/2021\/04\/cropped-cropped-logo-qrcode-1.jpg\",\"contentUrl\":\"https:\/\/www.e-documentations.com\/www\/wp-content\/uploads\/2021\/04\/cropped-cropped-logo-qrcode-1.jpg\",\"width\":389,\"height\":216,\"caption\":\"Multidouille by Chefinov\"},\"image\":{\"@id\":\"https:\/\/www.e-documentations.com\/www\/#\/schema\/logo\/image\/\"},\"sameAs\":[\"https:\/\/www.facebook.com\/Multidouille\/\"]}]}<\/script>\n<!-- \/ Yoast SEO plugin. -->","yoast_head_json":{"title":"douille p\u00e2tisserie cannel\u00e9e innovante","description":"En une seule pression sur la poche \u00e0 douille, garnissez et r\u00e9alisez des d\u00e9cors vari\u00e9s plus facilement, avec votre cr\u00e8me pr\u00e9f\u00e9r\u00e9e.\u00a0Gain de temps et r\u00e9gularit\u00e9 assur\u00e9e.","robots":{"index":"index","follow":"follow","max-snippet":"max-snippet:-1","max-image-preview":"max-image-preview:large","max-video-preview":"max-video-preview:-1"},"canonical":"https:\/\/www.e-documentations.com\/www\/produit\/multidouille-ruby-douille-patisserie\/","og_locale":"fr_FR","og_type":"article","og_title":"douille p\u00e2tisserie cannel\u00e9e innovante","og_description":"En une seule pression sur la poche \u00e0 douille, garnissez et r\u00e9alisez des d\u00e9cors vari\u00e9s plus facilement, avec votre cr\u00e8me pr\u00e9f\u00e9r\u00e9e.\u00a0Gain de temps et r\u00e9gularit\u00e9 assur\u00e9e.","og_url":"https:\/\/www.e-documentations.com\/www\/produit\/multidouille-ruby-douille-patisserie\/","article_publisher":"https:\/\/www.facebook.com\/Multidouille\/","article_modified_time":"2023-05-25T13:25:33+00:00","og_image":[{"width":608,"height":608,"url":"https:\/\/www.e-documentations.com\/www\/wp-content\/uploads\/2021\/04\/7c.jpg","type":"image\/jpeg"}],"twitter_card":"summary_large_image","twitter_misc":{"Dur\u00e9e de lecture estim\u00e9e":"1 minute"},"schema":{"@context":"https:\/\/schema.org","@graph":[{"@type":"WebPage","@id":"https:\/\/www.e-documentations.com\/www\/produit\/multidouille-ruby-douille-patisserie\/","url":"https:\/\/www.e-documentations.com\/www\/produit\/multidouille-ruby-douille-patisserie\/","name":"douille p\u00e2tisserie cannel\u00e9e innovante","isPartOf":{"@id":"https:\/\/www.e-documentations.com\/www\/#website"},"datePublished":"2021-09-04T09:22:49+00:00","dateModified":"2023-05-25T13:25:33+00:00","description":"En une seule pression sur la poche \u00e0 douille, garnissez et r\u00e9alisez des d\u00e9cors vari\u00e9s plus facilement, avec votre cr\u00e8me pr\u00e9f\u00e9r\u00e9e.\u00a0Gain de temps et r\u00e9gularit\u00e9 assur\u00e9e.","breadcrumb":{"@id":"https:\/\/www.e-documentations.com\/www\/produit\/multidouille-ruby-douille-patisserie\/#breadcrumb"},"inLanguage":"fr-FR","potentialAction":[{"@type":"ReadAction","target":["https:\/\/www.e-documentations.com\/www\/produit\/multidouille-ruby-douille-patisserie\/"]}]},{"@type":"BreadcrumbList","@id":"https:\/\/www.e-documentations.com\/www\/produit\/multidouille-ruby-douille-patisserie\/#breadcrumb","itemListElement":[{"@type":"ListItem","position":1,"name":"Accueil","item":"https:\/\/www.e-documentations.com\/www\/"},{"@type":"ListItem","position":2,"name":"Produits","item":"https:\/\/www.e-documentations.com\/www\/shop\/"},{"@type":"ListItem","position":3,"name":"Plateau RUBIS"}]},{"@type":"WebSite","@id":"https:\/\/www.e-documentations.com\/www\/#website","url":"https:\/\/www.e-documentations.com\/www\/","name":"","description":"","publisher":{"@id":"https:\/\/www.e-documentations.com\/www\/#organization"},"potentialAction":[{"@type":"SearchAction","target":{"@type":"EntryPoint","urlTemplate":"https:\/\/www.e-documentations.com\/www\/?s={search_term_string}"},"query-input":"required name=search_term_string"}],"inLanguage":"fr-FR"},{"@type":"Organization","@id":"https:\/\/www.e-documentations.com\/www\/#organization","name":"Multidouille by Chefinov","url":"https:\/\/www.e-documentations.com\/www\/","logo":{"@type":"ImageObject","inLanguage":"fr-FR","@id":"https:\/\/www.e-documentations.com\/www\/#\/schema\/logo\/image\/","url":"https:\/\/www.e-documentations.com\/www\/wp-content\/uploads\/2021\/04\/cropped-cropped-logo-qrcode-1.jpg","contentUrl":"https:\/\/www.e-documentations.com\/www\/wp-content\/uploads\/2021\/04\/cropped-cropped-logo-qrcode-1.jpg","width":389,"height":216,"caption":"Multidouille by Chefinov"},"image":{"@id":"https:\/\/www.e-documentations.com\/www\/#\/schema\/logo\/image\/"},"sameAs":["https:\/\/www.facebook.com\/Multidouille\/"]}]}},"_links":{"self":[{"href":"https:\/\/www.e-documentations.com\/www\/wp-json\/wp\/v2\/product\/2251","targetHints":{"allow":["GET"]}}],"collection":[{"href":"https:\/\/www.e-documentations.com\/www\/wp-json\/wp\/v2\/product"}],"about":[{"href":"https:\/\/www.e-documentations.com\/www\/wp-json\/wp\/v2\/types\/product"}],"wp:featuredmedia":[{"embeddable":true,"href":"https:\/\/www.e-documentations.com\/www\/wp-json\/wp\/v2\/media\/1848"}],"wp:attachment":[{"href":"https:\/\/www.e-documentations.com\/www\/wp-json\/wp\/v2\/media?parent=2251"}],"wp:term":[{"taxonomy":"product_cat","embeddable":true,"href":"https:\/\/www.e-documentations.com\/www\/wp-json\/wp\/v2\/product_cat?post=2251"},{"taxonomy":"product_tag","embeddable":true,"href":"https:\/\/www.e-documentations.com\/www\/wp-json\/wp\/v2\/product_tag?post=2251"}],"curies":[{"name":"wp","href":"https:\/\/api.w.org\/{rel}","templated":true}]}}